{"id":1639,"date":"2014-06-24T13:54:44","date_gmt":"2014-06-24T12:54:44","guid":{"rendered":"http:\/\/www.tribofilm.ovh\/?page_id=1639"},"modified":"2025-10-09T10:25:40","modified_gmt":"2025-10-09T09:25:40","slug":"engagements","status":"publish","type":"page","link":"https:\/\/www.tribofilm.fr\/en\/company\/engagements\/","title":{"rendered":"CMMS and TRIBOFILM&#8217;s Commitments"},"content":{"rendered":"<div class=\"wpb-content-wrapper\"><p>[vc_row][vc_column][vc_column_text]Since its inception, <strong>TRIBOFILM&#8217;s DNA has been to listen to users of its CMMS software MAINTI4<\/strong> in order to develop cutting-edge solutions that ensure the success of their automated maintenance projects.<\/p>\n<p>Our support is reflected in audits, the creation of specifications, the implementation of usage procedures with a progressive schedule, and tailored training.[\/vc_column_text][\/vc_column][\/vc_row][vc_row][vc_column][vc_single_image image=&#8221;17858&#8243; img_size=&#8221;large&#8221; alignment=&#8221;center&#8221;][vc_column_text]<\/p>\n<h2 style=\"text-align: justify;\">THE ADVANTAGES OF TRIBOFILM AND ITS CMMS SOLUTION FOR INDUSTRY AND TERTIARY SECTORS<\/h2>\n<p>&nbsp;<\/p>\n<p>Choosing our computer-assisted maintenance management solution means benefiting from numerous advantages:<\/p>\n<h3><\/h3>\n<h3>Dialogue and Listening for Your CMMS Projects<\/h3>\n<p style=\"text-align: justify;\">Engage directly with the creators of the CMMS software, converse with individuals who speak the same language as you, and share your feedback and suggestions.<\/p>\n<p>In this spirit, TRIBOFILM regularly organizes &#8216;User Days&#8217; to encourage the sharing of experiences among users, present innovations, and provide you with the opportunity to interact with the TRIBOFILM team regarding future developments. The goal is always to stay close to our clients and listen to their needs.<\/p>\n<h3><\/h3>\n<h3>Responsiveness<\/h3>\n<p style=\"text-align: justify;\">Due to its structure, TRIBOFILM is capable of quickly meeting your needs. The dynamism and competence of our teams will fully satisfy you by supporting you in your implementation project.<\/p>\n<p>The <strong>satisfaction rate<\/strong> of the technical support service is <strong>90%<\/strong>.<\/p>\n<h3><\/h3>\n<h3>Complete Optimization of Your Maintenance<\/h3>\n<p>TRIBOFILM offers all the necessary features for optimizing your company&#8217;s maintenance, with simplicity added! Our solutions are developed to accompany you in your daily tasks, even while you&#8217;re on the move, and they continuously evolve with <strong>new technologies<\/strong>.<\/p>\n<h3><\/h3>\n<h3>A Tailor-Made Maintenance Management Tool<\/h3>\n<p style=\"text-align: justify;\">L\u2019atout et l\u2019originalit\u00e9 de<span style=\"color: #333333;\"> TRIBOFILM <\/span>: <span style=\"color: #333333;\"><strong>\u201cla personnalisation\u201d<\/strong><\/span>. Nous vous proposons de r\u00e9aliser votre cahier des charges, afin que notre GMAO s&#8217;adapte \u00e0 votre structure, sans que vous n\u2019ayez \u00e0 changer vos habitudes. Ainsi, vos donn\u00e9es et m\u00e9thodes de travail sont r\u00e9int\u00e9gr\u00e9es dans le <a href=\"https:\/\/www.tribofilm.fr\/en\/softwares\/\"><strong>logiciel de Gestion de Maintenance Assist\u00e9e par Ordinateur<\/strong><\/a> afin d&#8217;\u00eatre optimis\u00e9es pour en garantir un usage fonctionnel.<\/p>\n<p>TRIBOFILM&#8217;s strength and uniqueness lie in its &#8220;<strong>customization&#8221;.<\/strong>\u00a0We offer to create your specifications so that our CMMS adapts to your organization without you having to change your habits. This way, your data and work methods are reintegrated into the Computer-Assisted Maintenance Management software to ensure functional usage.<\/p>\n<h3><\/h3>\n<h3>Constant Evolution<\/h3>\n<p>TRIBOFILM&#8217;s software evolves in response to changes in standards and technological advancements.<\/p>\n<p>MAINTI4 is continually optimized, with users benefiting from three to four updates per year.<\/p>\n<p>TRIBOFILM invests approximately one-third of its annual turnover in<strong> Research and Development.\u00a0<\/strong><\/p>\n<h3><\/h3>\n<h3>Exceptional User-Friendly CMMS Solution<\/h3>\n<p>All users will confirm that MAINTI4 is easy to learn and use: &#8220;<strong>simple and intuitive<\/strong>.&#8221;<\/p>\n<p>Leveraging their experience, functional consultants and trainers guide you in structuring your data to ensure ease and efficiency in your daily tasks.<\/p>\n<h3 style=\"text-align: center;\"><\/h3>\n<p>[\/vc_column_text][\/vc_column][\/vc_row][vc_row][vc_column][vc_empty_space][\/vc_column][\/vc_row][vc_row][vc_column][vc_column_text]<\/p>\n<h2 style=\"text-align: center;\">OUR COMMITMENTS<\/h2>\n<p>[\/vc_column_text][vc_empty_space][\/vc_column][\/vc_row][vc_row][vc_column width=&#8221;1\/2&#8243;][vc_column_text]<\/p>\n<h3 style=\"text-align: center;\">\ud83d\udcc8 Continuous improvements to maintenance management solutions<\/h3>\n<p>[\/vc_column_text][vc_column_text]<\/p>\n<h3 style=\"text-align: center;\">\ud83d\udd12Securing your data<\/h3>\n<p>[\/vc_column_text][\/vc_column][vc_column width=&#8221;1\/2&#8243;][vc_column_text]<\/p>\n<h3 style=\"text-align: center;\">\ud83d\udd0e Considering real-world conditions<\/h3>\n<p>[\/vc_column_text][vc_column_text]<\/p>\n<h3 style=\"text-align: center;\">\u2b50 Your satisfaction<\/h3>\n<p>[\/vc_column_text][\/vc_column][\/vc_row][vc_row][vc_column][vc_empty_space][vc_column_text]<\/p>\n<h2 style=\"text-align: center;\"><strong>SIMPLICITY IS EFFECTIVE !\u24c2\ufe0f<\/strong><\/h2>\n<p>[\/vc_column_text][vc_single_image image=&#8221;18080&#8243; img_size=&#8221;full&#8221; alignment=&#8221;center&#8221;][\/vc_column][\/vc_row][vc_row][vc_column][\/vc_column][\/vc_row]<\/p>\n<\/div>","protected":false},"excerpt":{"rendered":"<p>[vc_row][vc_column][vc_column_text]Since its inception, TRIBOFILM&#8217;s DNA has been to listen to users of its CMMS software MAINTI4 in order to develop cutting-edge solutions that ensure the success of their automated maintenance projects. Our support is reflected in audits, the creation of specifications, the implementation of usage procedures with a progressive schedule, and tailored training.[\/vc_column_text][\/vc_column][\/vc_row][vc_row][vc_column][vc_single_image image=&#8221;17858&#8243; img_size=&#8221;large&#8221; [&hellip;]<\/p>\n","protected":false},"author":11,"featured_media":8090,"parent":974,"menu_order":1,"comment_status":"closed","ping_status":"closed","template":"","meta":{"_acf_changed":false,"footnotes":""},"class_list":["post-1639","page","type-page","status-publish","has-post-thumbnail","hentry"],"acf":[],"yoast_head":"<!-- This site is optimized with the Yoast SEO plugin v27.3 - https:\/\/yoast.com\/product\/yoast-seo-wordpress\/ -->\n<title>CMMS Maintenance Software - Our Values \u200b\u200b| TRIBOFILM CMMS<\/title>\n<meta name=\"description\" content=\"TRIBOFILM&#039;s desire is to remain attentive to users, to develop solutions that ensure the success of their maintenance project.\" \/>\n<meta name=\"robots\" content=\"index, follow, max-snippet:-1, max-image-preview:large, max-video-preview:-1\" \/>\n<link rel=\"canonical\" href=\"https:\/\/www.tribofilm.fr\/en\/company\/engagements\/\" \/>\n<meta property=\"og:locale\" content=\"en_US\" \/>\n<meta property=\"og:type\" content=\"article\" \/>\n<meta property=\"og:title\" content=\"CMMS Maintenance Software - Our Values \u200b\u200b| TRIBOFILM CMMS\" \/>\n<meta property=\"og:description\" content=\"TRIBOFILM&#039;s desire is to remain attentive to users, to develop solutions that ensure the success of their maintenance project.\" \/>\n<meta property=\"og:url\" content=\"https:\/\/www.tribofilm.fr\/en\/company\/engagements\/\" \/>\n<meta property=\"og:site_name\" content=\"Tribofilm\" \/>\n<meta property=\"article:publisher\" content=\"https:\/\/www.facebook.com\/tribofilm\/\" \/>\n<meta property=\"article:modified_time\" content=\"2025-10-09T09:25:40+00:00\" \/>\n<meta property=\"og:image\" content=\"https:\/\/www.tribofilm.fr\/VLnXeJXrfkVw4\/uploads\/2018\/06\/TRIBOFILM-4-Copie.jpg\" \/>\n\t<meta property=\"og:image:width\" content=\"2048\" \/>\n\t<meta property=\"og:image:height\" content=\"1365\" \/>\n\t<meta property=\"og:image:type\" content=\"image\/jpeg\" \/>\n<meta name=\"twitter:card\" content=\"summary_large_image\" \/>\n<meta name=\"twitter:site\" content=\"@TRIBOFILM\" \/>\n<meta name=\"twitter:label1\" content=\"Est. reading time\" \/>\n\t<meta name=\"twitter:data1\" content=\"3 minutes\" \/>\n<script type=\"application\/ld+json\" class=\"yoast-schema-graph\">{\"@context\":\"https:\\\/\\\/schema.org\",\"@graph\":[{\"@type\":\"WebPage\",\"@id\":\"https:\\\/\\\/www.tribofilm.fr\\\/en\\\/company\\\/engagements\\\/\",\"url\":\"https:\\\/\\\/www.tribofilm.fr\\\/en\\\/company\\\/engagements\\\/\",\"name\":\"CMMS Maintenance Software - Our Values \u200b\u200b| TRIBOFILM CMMS\",\"isPartOf\":{\"@id\":\"https:\\\/\\\/www.tribofilm.fr\\\/en\\\/#website\"},\"primaryImageOfPage\":{\"@id\":\"https:\\\/\\\/www.tribofilm.fr\\\/en\\\/company\\\/engagements\\\/#primaryimage\"},\"image\":{\"@id\":\"https:\\\/\\\/www.tribofilm.fr\\\/en\\\/company\\\/engagements\\\/#primaryimage\"},\"thumbnailUrl\":\"https:\\\/\\\/www.tribofilm.fr\\\/VLnXeJXrfkVw4\\\/uploads\\\/2018\\\/06\\\/TRIBOFILM-4-Copie.jpg\",\"datePublished\":\"2014-06-24T12:54:44+00:00\",\"dateModified\":\"2025-10-09T09:25:40+00:00\",\"description\":\"TRIBOFILM's desire is to remain attentive to users, to develop solutions that ensure the success of their maintenance project.\",\"breadcrumb\":{\"@id\":\"https:\\\/\\\/www.tribofilm.fr\\\/en\\\/company\\\/engagements\\\/#breadcrumb\"},\"inLanguage\":\"en-US\",\"potentialAction\":[{\"@type\":\"ReadAction\",\"target\":[\"https:\\\/\\\/www.tribofilm.fr\\\/en\\\/company\\\/engagements\\\/\"]}]},{\"@type\":\"ImageObject\",\"inLanguage\":\"en-US\",\"@id\":\"https:\\\/\\\/www.tribofilm.fr\\\/en\\\/company\\\/engagements\\\/#primaryimage\",\"url\":\"https:\\\/\\\/www.tribofilm.fr\\\/VLnXeJXrfkVw4\\\/uploads\\\/2018\\\/06\\\/TRIBOFILM-4-Copie.jpg\",\"contentUrl\":\"https:\\\/\\\/www.tribofilm.fr\\\/VLnXeJXrfkVw4\\\/uploads\\\/2018\\\/06\\\/TRIBOFILM-4-Copie.jpg\",\"width\":2048,\"height\":1365},{\"@type\":\"BreadcrumbList\",\"@id\":\"https:\\\/\\\/www.tribofilm.fr\\\/en\\\/company\\\/engagements\\\/#breadcrumb\",\"itemListElement\":[{\"@type\":\"ListItem\",\"position\":1,\"name\":\"Home\",\"item\":\"https:\\\/\\\/www.tribofilm.fr\\\/en\\\/\"},{\"@type\":\"ListItem\",\"position\":2,\"name\":\"Company\",\"item\":\"https:\\\/\\\/www.tribofilm.fr\\\/en\\\/la-societe\\\/\"},{\"@type\":\"ListItem\",\"position\":3,\"name\":\"CMMS and TRIBOFILM&rsquo;s Commitments\"}]},{\"@type\":\"WebSite\",\"@id\":\"https:\\\/\\\/www.tribofilm.fr\\\/en\\\/#website\",\"url\":\"https:\\\/\\\/www.tribofilm.fr\\\/en\\\/\",\"name\":\"Tribofilm\",\"description\":\"\",\"publisher\":{\"@id\":\"https:\\\/\\\/www.tribofilm.fr\\\/en\\\/#organization\"},\"potentialAction\":[{\"@type\":\"SearchAction\",\"target\":{\"@type\":\"EntryPoint\",\"urlTemplate\":\"https:\\\/\\\/www.tribofilm.fr\\\/en\\\/?s={search_term_string}\"},\"query-input\":{\"@type\":\"PropertyValueSpecification\",\"valueRequired\":true,\"valueName\":\"search_term_string\"}}],\"inLanguage\":\"en-US\"},{\"@type\":\"Organization\",\"@id\":\"https:\\\/\\\/www.tribofilm.fr\\\/en\\\/#organization\",\"name\":\"Tribofilm\",\"url\":\"https:\\\/\\\/www.tribofilm.fr\\\/en\\\/\",\"logo\":{\"@type\":\"ImageObject\",\"inLanguage\":\"en-US\",\"@id\":\"https:\\\/\\\/www.tribofilm.fr\\\/en\\\/#\\\/schema\\\/logo\\\/image\\\/\",\"url\":\"https:\\\/\\\/www.tribofilm.fr\\\/VLnXeJXrfkVw4\\\/uploads\\\/2017\\\/12\\\/tribofilm-industries-editeur-de-logiciels-pour-l-industrie-000353999-product_zoom.jpg\",\"contentUrl\":\"https:\\\/\\\/www.tribofilm.fr\\\/VLnXeJXrfkVw4\\\/uploads\\\/2017\\\/12\\\/tribofilm-industries-editeur-de-logiciels-pour-l-industrie-000353999-product_zoom.jpg\",\"width\":640,\"height\":480,\"caption\":\"Tribofilm\"},\"image\":{\"@id\":\"https:\\\/\\\/www.tribofilm.fr\\\/en\\\/#\\\/schema\\\/logo\\\/image\\\/\"},\"sameAs\":[\"https:\\\/\\\/www.facebook.com\\\/tribofilm\\\/\",\"https:\\\/\\\/x.com\\\/TRIBOFILM\",\"https:\\\/\\\/www.linkedin.com\\\/company\\\/tribofilm-industries\\\/?trk=biz-companies-cym\"]}]}<\/script>\n<!-- \/ Yoast SEO plugin. -->","yoast_head_json":{"title":"CMMS Maintenance Software - Our Values \u200b\u200b| TRIBOFILM CMMS","description":"TRIBOFILM's desire is to remain attentive to users, to develop solutions that ensure the success of their maintenance project.","robots":{"index":"index","follow":"follow","max-snippet":"max-snippet:-1","max-image-preview":"max-image-preview:large","max-video-preview":"max-video-preview:-1"},"canonical":"https:\/\/www.tribofilm.fr\/en\/company\/engagements\/","og_locale":"en_US","og_type":"article","og_title":"CMMS Maintenance Software - Our Values \u200b\u200b| TRIBOFILM CMMS","og_description":"TRIBOFILM's desire is to remain attentive to users, to develop solutions that ensure the success of their maintenance project.","og_url":"https:\/\/www.tribofilm.fr\/en\/company\/engagements\/","og_site_name":"Tribofilm","article_publisher":"https:\/\/www.facebook.com\/tribofilm\/","article_modified_time":"2025-10-09T09:25:40+00:00","og_image":[{"width":2048,"height":1365,"url":"https:\/\/www.tribofilm.fr\/VLnXeJXrfkVw4\/uploads\/2018\/06\/TRIBOFILM-4-Copie.jpg","type":"image\/jpeg"}],"twitter_card":"summary_large_image","twitter_site":"@TRIBOFILM","twitter_misc":{"Est. reading time":"3 minutes"},"schema":{"@context":"https:\/\/schema.org","@graph":[{"@type":"WebPage","@id":"https:\/\/www.tribofilm.fr\/en\/company\/engagements\/","url":"https:\/\/www.tribofilm.fr\/en\/company\/engagements\/","name":"CMMS Maintenance Software - Our Values \u200b\u200b| TRIBOFILM CMMS","isPartOf":{"@id":"https:\/\/www.tribofilm.fr\/en\/#website"},"primaryImageOfPage":{"@id":"https:\/\/www.tribofilm.fr\/en\/company\/engagements\/#primaryimage"},"image":{"@id":"https:\/\/www.tribofilm.fr\/en\/company\/engagements\/#primaryimage"},"thumbnailUrl":"https:\/\/www.tribofilm.fr\/VLnXeJXrfkVw4\/uploads\/2018\/06\/TRIBOFILM-4-Copie.jpg","datePublished":"2014-06-24T12:54:44+00:00","dateModified":"2025-10-09T09:25:40+00:00","description":"TRIBOFILM's desire is to remain attentive to users, to develop solutions that ensure the success of their maintenance project.","breadcrumb":{"@id":"https:\/\/www.tribofilm.fr\/en\/company\/engagements\/#breadcrumb"},"inLanguage":"en-US","potentialAction":[{"@type":"ReadAction","target":["https:\/\/www.tribofilm.fr\/en\/company\/engagements\/"]}]},{"@type":"ImageObject","inLanguage":"en-US","@id":"https:\/\/www.tribofilm.fr\/en\/company\/engagements\/#primaryimage","url":"https:\/\/www.tribofilm.fr\/VLnXeJXrfkVw4\/uploads\/2018\/06\/TRIBOFILM-4-Copie.jpg","contentUrl":"https:\/\/www.tribofilm.fr\/VLnXeJXrfkVw4\/uploads\/2018\/06\/TRIBOFILM-4-Copie.jpg","width":2048,"height":1365},{"@type":"BreadcrumbList","@id":"https:\/\/www.tribofilm.fr\/en\/company\/engagements\/#breadcrumb","itemListElement":[{"@type":"ListItem","position":1,"name":"Home","item":"https:\/\/www.tribofilm.fr\/en\/"},{"@type":"ListItem","position":2,"name":"Company","item":"https:\/\/www.tribofilm.fr\/en\/la-societe\/"},{"@type":"ListItem","position":3,"name":"CMMS and TRIBOFILM&rsquo;s Commitments"}]},{"@type":"WebSite","@id":"https:\/\/www.tribofilm.fr\/en\/#website","url":"https:\/\/www.tribofilm.fr\/en\/","name":"Tribofilm","description":"","publisher":{"@id":"https:\/\/www.tribofilm.fr\/en\/#organization"},"potentialAction":[{"@type":"SearchAction","target":{"@type":"EntryPoint","urlTemplate":"https:\/\/www.tribofilm.fr\/en\/?s={search_term_string}"},"query-input":{"@type":"PropertyValueSpecification","valueRequired":true,"valueName":"search_term_string"}}],"inLanguage":"en-US"},{"@type":"Organization","@id":"https:\/\/www.tribofilm.fr\/en\/#organization","name":"Tribofilm","url":"https:\/\/www.tribofilm.fr\/en\/","logo":{"@type":"ImageObject","inLanguage":"en-US","@id":"https:\/\/www.tribofilm.fr\/en\/#\/schema\/logo\/image\/","url":"https:\/\/www.tribofilm.fr\/VLnXeJXrfkVw4\/uploads\/2017\/12\/tribofilm-industries-editeur-de-logiciels-pour-l-industrie-000353999-product_zoom.jpg","contentUrl":"https:\/\/www.tribofilm.fr\/VLnXeJXrfkVw4\/uploads\/2017\/12\/tribofilm-industries-editeur-de-logiciels-pour-l-industrie-000353999-product_zoom.jpg","width":640,"height":480,"caption":"Tribofilm"},"image":{"@id":"https:\/\/www.tribofilm.fr\/en\/#\/schema\/logo\/image\/"},"sameAs":["https:\/\/www.facebook.com\/tribofilm\/","https:\/\/x.com\/TRIBOFILM","https:\/\/www.linkedin.com\/company\/tribofilm-industries\/?trk=biz-companies-cym"]}]}},"_links":{"self":[{"href":"https:\/\/www.tribofilm.fr\/en\/wp-json\/wp\/v2\/pages\/1639","targetHints":{"allow":["GET"]}}],"collection":[{"href":"https:\/\/www.tribofilm.fr\/en\/wp-json\/wp\/v2\/pages"}],"about":[{"href":"https:\/\/www.tribofilm.fr\/en\/wp-json\/wp\/v2\/types\/page"}],"author":[{"embeddable":true,"href":"https:\/\/www.tribofilm.fr\/en\/wp-json\/wp\/v2\/users\/11"}],"replies":[{"embeddable":true,"href":"https:\/\/www.tribofilm.fr\/en\/wp-json\/wp\/v2\/comments?post=1639"}],"version-history":[{"count":12,"href":"https:\/\/www.tribofilm.fr\/en\/wp-json\/wp\/v2\/pages\/1639\/revisions"}],"predecessor-version":[{"id":19473,"href":"https:\/\/www.tribofilm.fr\/en\/wp-json\/wp\/v2\/pages\/1639\/revisions\/19473"}],"up":[{"embeddable":true,"href":"https:\/\/www.tribofilm.fr\/en\/wp-json\/wp\/v2\/pages\/974"}],"wp:featuredmedia":[{"embeddable":true,"href":"https:\/\/www.tribofilm.fr\/en\/wp-json\/wp\/v2\/media\/8090"}],"wp:attachment":[{"href":"https:\/\/www.tribofilm.fr\/en\/wp-json\/wp\/v2\/media?parent=1639"}],"curies":[{"name":"wp","href":"https:\/\/api.w.org\/{rel}","templated":true}]}}