{"id":17944,"date":"2023-09-08T08:58:01","date_gmt":"2023-09-08T07:58:01","guid":{"rendered":"https:\/\/www.tribofilm.ovh\/?page_id=17944"},"modified":"2025-10-09T10:29:15","modified_gmt":"2025-10-09T09:29:15","slug":"mentions-legales","status":"publish","type":"page","link":"https:\/\/www.tribofilm.fr\/en\/mentions-legales\/","title":{"rendered":"MENTIONS LEGALES"},"content":{"rendered":"<p>&nbsp;<\/p>\n<h2><strong>TRIBOFILM<br \/>\n<\/strong><\/h2>\n<p>Solutions de GMAO et de Gestion des services techniques.<\/p>\n<p><strong><em>Si\u00e8ge social<\/em><\/strong><br \/>\nTRIBOFILM<br \/>\n38-40 rue Jacques de Vaucanson<br \/>\n17180 PERIGNY CEDEX\u00a0 &#8211;\u00a0 FRANCE<br \/>\nT\u00e9l : +33 (0)5 46 56 75 75\u00a0 \/\u00a0 Fax : +33\u00a0(0)5 46 56 97 26<br \/>\ncontact@tribofilm.fr\u00a0 &#8211;\u00a0 www.tribofilm.fr<\/p>\n<p>TRIBOFILM est une SAS au capital social de 30 000 euros<br \/>\nNum\u00e9ro de SIRET : 390 977 684 00062<br \/>\nRCS La Rochelle : 390 977 684<br \/>\nNum\u00e9ro de TVA intracommunautaire : FR43 390 977 684<br \/>\nCode NAF : 5829C<\/p>\n<p><em><strong>Directrice de publication<\/strong><\/em><br \/>\nFleur TORLINI BOSSARD<\/p>\n<p><strong><em>H\u00e9bergement du site internet<\/em><\/strong><br \/>\nAMEN SASU<br \/>\n12-14 Rond Point des Champs Elys\u00e9es<br \/>\n75008 PARIS<br \/>\nT\u00e9l : +33 (0)8 11 88 77 66<\/p>\n<p><strong><em>Design \/ Conception<\/em><\/strong><br \/>\nConception &amp; Design : NEXI Conseils<br \/>\nCr\u00e9dit photos : <span style=\"color: #333333;\">\u00ae<\/span>Fotolia<\/p>\n<p style=\"text-align: justify;\"><strong><em>Donn\u00e9es personnelles &#8211; Vie priv\u00e9e<\/em><\/strong><br \/>\nEn conformit\u00e9 avec les dispositions de la loi du 6 janvier 1978 relative \u00e0 l&#8217;informatique, aux fichiers et aux libert\u00e9s, vous disposez d&#8217;un droit d&#8217;acc\u00e8s et de rectification portant sur les donn\u00e9es vous concernant en \u00e9crivant au si\u00e8ge social.<\/p>\n<p style=\"text-align: justify;\"><strong><em>Conditions d&#8217;utilisation du site<\/em><\/strong><br \/>\n<span style=\"font-family: Arial,sans-serif;\"><span style=\"font-size: small;\">Les dispositions suivantes constituent un accord contractuel entre vous et TRIBOFILM. Par l\u2019acc\u00e8s, la navigation ou l\u2019utilisation de ce site Web vous reconnaissez avoir pris connaissance de ces dispositions et acceptez d\u2019y \u00eatre soumis, et vous acceptez de vous conformer \u00e0 la l\u00e9gislation et \u00e0 la r\u00e9glementation applicables. Si vous n\u2019acceptez pas ces dispositions, n\u2019utilisez pas ce site Web.<\/span><\/span><\/p>\n<p style=\"text-align: justify;\"><span style=\"font-family: Arial,sans-serif;\"><span style=\"font-size: small;\">TRIBOFILM peut, \u00e0 tout moment et sans pr\u00e9avis, modifier les pr\u00e9sentes dispositions ainsi que tout autre information figurant sur ce site Web par le biais d\u2019une mise \u00e0 jour. TRIBOFILM peut \u00e9galement, \u00e0 tout moment et sans pr\u00e9avis, apporter des am\u00e9liorations et\/ou des modifications aux produits, services ou programmes d\u00e9crits sur le site.<\/span><\/span><\/p>\n<p><strong><em>Dispositions g\u00e9n\u00e9rales<\/em><\/strong><br \/>\n<span style=\"font-family: Arial,sans-serif;\"><span style=\"font-size: small;\">Ce site Web peut contenir d\u2019autres notices propri\u00e9taires et informations de copyright, dont il convient d\u2019observer et de respecter les termes.<\/span><\/span><\/p>\n<p style=\"text-align: justify;\"><span style=\"font-family: Arial,sans-serif;\"><span style=\"font-size: small;\">Vous ne pouvez pas copier, reproduire, republier, t\u00e9l\u00e9charger, poster, transmettre, distribuer ou utiliser le pr\u00e9sent site et tout son contenu, pour la cr\u00e9ation d\u2019\u0153uvres d\u00e9riv\u00e9es sans l\u2019accord \u00e9crit pr\u00e9alable de TRIBOFILM, \u00e0 l\u2019exception du fait que TRIBOFILM vous conc\u00e8de un droit non transf\u00e9rable, non exclusif et limit\u00e9, vous autorisant \u00e0 acc\u00e9der et \u00e0 afficher les pages Web de ce site, uniquement sur votre ordinateur, et pour votre usage personnel, non commercial de ce site Web. Ce droit vous est accord\u00e9 \u00e0 condition que vous ne modifiez pas le contenu affich\u00e9 sur ce site, que vous conserviez intactes toutes les mentions de droits d\u2019auteur, de marques et autres mentions de propri\u00e9t\u00e9, et que vous acceptiez toutes les dispositions et remarques jointes \u00e0 ce contenu, sauf mention contraire indiqu\u00e9e sur ce site. Nonobstant les dispositions ci-dessus, tous les logiciels et autres mat\u00e9riels disponibles pour t\u00e9l\u00e9chargement, accessibles ou utilisables \u00e0 partir du pr\u00e9sent site et poss\u00e9dant leur propres dispositions, seront r\u00e9gis par lesdites dispositions.<\/span><\/span><\/p>\n<p style=\"text-align: justify;\"><span style=\"font-family: Arial,sans-serif;\"><span style=\"font-size: small;\">En cas de non-respect des conditions \u00e9nonc\u00e9es sur ce site, TRIBOFILM peut r\u00e9silier automatiquement les droits qui vous ont \u00e9t\u00e9 accord\u00e9s, sans pr\u00e9avis ; vous devez alors imm\u00e9diatement d\u00e9truire toutes les copies des \u00e9l\u00e9ments t\u00e9l\u00e9charg\u00e9s que vous poss\u00e9dez ou contr\u00f4lez. A l\u2019exception des droits limit\u00e9s du pr\u00e9c\u00e9dent paragraphe, TRIBOFILM ne vous conc\u00e8de pas de droits, explicites ou implicites, ou de licences dans le cadre de brevets, marques, droits d\u2019auteur, et toutes autres formes de propri\u00e9t\u00e9 intellectuelle. Vous n\u2019\u00eates pas autoris\u00e9 \u00e0 cr\u00e9er des copies miroir du contenu du pr\u00e9sent site sur un autre site Web ou sur tout autre support.<\/span><\/span><\/p>\n<p style=\"text-align: justify;\"><strong><em><span style=\"font-family: Arial,sans-serif;\"><span style=\"font-size: small;\">Clauses de protection sp\u00e9cifiques<\/span><\/span><\/em><\/strong><br \/>\n<span style=\"font-family: Arial,sans-serif;\"><span style=\"font-size: small;\">TRIBOFILM ne garantit pas l\u2019exactitude, le niveau de mise \u00e0 jour ou l\u2019exhaustivit\u00e9 des informations de ce site Web, lesquelles peuvent contenir des inexactitudes techniques ou des erreurs. TRIBOFILM d\u00e9gage toute responsabilit\u00e9 concernant la mise \u00e0 jour de ce site et la garantie d\u2019exactitude et d\u2019exhaustivit\u00e9 des informations qui pourraient y \u00eatre post\u00e9es. En cons\u00e9quence, vous devez vous assurer de l\u2019exactitude et de l\u2019exhaustivit\u00e9 de toutes les informations post\u00e9es avant de prendre toute d\u00e9cision li\u00e9e aux services, produits ou autres sujets d\u00e9crits sur ce site.<\/span><\/span><\/p>\n<p style=\"text-align: justify;\"><span style=\"font-family: Arial,sans-serif;\"><span style=\"font-size: small;\">TRIBOFILM ne garantit pas que tous les incidents signal\u00e9s seront r\u00e9solus, m\u00eame si elle choisit de fournir des informations dans ce but.<\/span><\/span><\/p>\n<p><a name=\"confidentialite\"><\/a><\/p>\n<p style=\"text-align: justify;\"><strong><em>Informations confidentielles ou personnelles<\/em><\/strong><br \/>\nLes informations consid\u00e9r\u00e9es comme personnelles que vous soumettez \u00e0 TRIBOFILM en vue de recevoir des produits ou des services, seront utilis\u00e9es uniquement pour les besoins de traitement de votre demande et ne seront pas transmises \u00e0 des tiers, sauf \u00e0 ce que nous y soyons contraints par la loi. Tout message, commentaire ou document envoy\u00e9 \u00e0 TRIBOFILM, tels que les questions, les commentaires, les suggestions ou ce qui est relatif au contenu de tels documents sera consid\u00e9r\u00e9 comme non confidentiel. TRIBOFILM n&#8217;est assujettie \u00e0 aucune sorte d&#8217;obligation relative \u00e0 de telles informations et a le droit de copier, reproduire, publier, t\u00e9l\u00e9charger, poster, transmettre, distribuer, afficher publiquement, ex\u00e9cuter, modifier, et cr\u00e9er des \u0153uvres d\u00e9riv\u00e9es, \u00e0 partir de ces \u00e9l\u00e9ments et informations, qu&#8217;elle peut utiliser librement. En outre, TRIBOFILM a le droit d&#8217;utiliser les id\u00e9es, concepts, savoir-faire ou techniques contenus dans de tels documents dans un but quelconque, y compris le d\u00e9veloppement, la fabrication et la commercialisation des produits. Toutefois, nous ne diffuserons par votre nom et ne publierons pas le fait que vous nous avez transmis des \u00e9l\u00e9ments ou quelque information que ce soit, \u00e0 moins que : (a) vous nous accordiez le droit d&#8217;utiliser votre nom : (b) nous vous informions au pr\u00e9alable que ces \u00e9l\u00e9ments ou toute autre information que vous nous avez soumise sur une partie de ce site va \u00eatre publi\u00e9e ou utilis\u00e9e avec mention de votre nom : (c) nous y soyons contraints par la loi.<\/p>\n<p style=\"text-align: justify;\"><strong><em>Disponibilit\u00e9 globale<\/em><\/strong><br \/>\nCe site Web peut contenir des r\u00e9f\u00e9rences directions ou indirectes \u00e0 des produits, programmes et services de TRIBOFILM qui ne sont pas annonc\u00e9s ou disponibles dans votre pays. de telles r\u00e9f\u00e9rences n&#8217;impliquent pas l&#8217;intention de TRIBOFILM de vendre ou de rendre disponibles ces produits, programmes ou services dans votre pays. veuillez consulter TRIBOFILM pour tout renseignement concernant les produits, les programmes et les services disponibles chez vous.<\/p>\n<p style=\"text-align: justify;\"><strong><em>Relations commerciales<\/em><\/strong><br \/>\nCe site Web peut fournir des liens ou des r\u00e9f\u00e9rences \u00e0 des sites et des ressources Web qui ne sont pas la propri\u00e9t\u00e9 TRIBOFILM . TRIBOFILM ne prend aucun engagement et n&#8217;offre aucune garantie ou autre concernant d&#8217;autres sites Web qui ne sont pas la propri\u00e9t\u00e9 de TRIBOFILM ou ressources de tiers susceptibles d&#8217;\u00eatre r\u00e9f\u00e9renc\u00e9s ou accessibles \u00e0 partir d&#8217;un site Web de TRIBOFILM. Un\u00a0 lien \u00e0 un qui n&#8217;est pas la propri\u00e9t\u00e9 de TRIBOFILM ne signifie pas que TRIBOFILM adh\u00e8re \u00e0 son contenu et l&#8217;usage qui peut en \u00eatre fait par son propri\u00e9taire. En outre, TRIBOFILM n&#8217;est pas partir ou responsable des transactions que vous pourriez passer avec des tiers, m\u00eame si vous \u00eates entr\u00e9 en contact avec ces tiers (ou y avez acc\u00e8s via un lien) \u00e0 partir d&#8217;un site de TRIBOFILM. En cons\u00e9quence, vous reconnaissez que TRIBOFILM n&#8217;est pas responsable de la disponibilit\u00e9 de tels sites ou ressources externes, ni du contenu, des services, des produits, ou d&#8217;autres \u00e9l\u00e9ments propos\u00e9s par ces sites ou ressources.<\/p>\n<p style=\"text-align: justify;\">Il est express\u00e9ment rappel\u00e9 que TRIBOFILM n\u2019a aucun contr\u00f4le ni responsabilit\u00e9 quant au contenu des sites dont elle n\u2019est pas propri\u00e9taire, m\u00eame si le logo de TRIBOFILM y figure. Il vous incombe de prendre les pr\u00e9cautions n\u00e9cessaires pour vous prot\u00e9ger de virus, cheval de Troie ou autre parasite de nature destructive pour vos logiciels, et de prot\u00e9ger vos informations comme vous le jugez appropri\u00e9.<\/p>\n<p style=\"text-align: justify;\"><strong><em>Liens \u00e0 ce site<\/em><\/strong><br \/>\nTous les liens \u00e0 ce site Web doivent faire l\u2019objet d\u2019une autorisation \u00e9crite de TRIBOFILM, exception faite lorsque ces liens : (a) ne cr\u00e9ent pas de cadres autour d\u2019une page de site Web ou n\u2019utilisent pas d\u2019autres m\u00e9thodes permettant de modifier de quelque fa\u00e7on que ce soit la pr\u00e9sentation visuelle du pr\u00e9sent site Web ; (b) ne repr\u00e9sentent pas de fa\u00e7on erron\u00e9e votre relation avec TRIBOFILM ; (c) n\u2019impliquent pas que TRIBOFILM adh\u00e8re \u00e0 votre site Web et \u00e0 vos offres de services et de produits (d) ne fournissent pas d\u2019impressions fausses ou erron\u00e9es concernant TRIBOFILM ou ne portent pas atteinte \u00e0 l\u2019image associ\u00e9e au nom ou aux marques TRIBOFILM. Vous acceptez enfin que TRIBOFILM peut \u00e0 tout moment, et \u00e0 sa seule discr\u00e9tion, mettre fin \u00e0 un droit d\u2019acc\u00e8s par lien \u00e0 ce site Web. Dans ce cas, vous acceptez de supprimer imm\u00e9diatement tous les liens vers ce site Web et de cesser d\u2019utiliser toute marque TRIBOFILM.<\/p>\n<p style=\"text-align: justify;\"><strong><em>Traductions<\/em><\/strong><br \/>\nUne partie du texte de ce site Web peut \u00eatre disponible dans des langues autres que le fran\u00e7ais. Ce texte peut avoir \u00e9t\u00e9 traduit par une personne ou uniquement par un logiciel sans intervention ou correction humaine. Ces traductions vous sont propos\u00e9es par souci de commodit\u00e9, et TRIBOFILM ne prend aucun engagement concernant l\u2019exactitude et l\u2019exhaustivit\u00e9 de cette traduction, que celle-ci soit d\u2019origine logicielle ou humaine. Veuillez consulter la limitation de garantie ci-apr\u00e8s pour prendre connaissance des conditions suppl\u00e9mentaires.<\/p>\n<p style=\"text-align: justify;\"><strong><em>Limitation de garantie<\/em><\/strong><br \/>\nL&#8217;ensemble des \u00e9l\u00e9ments, informations, produits, logiciels, programmes et services sont fournis &#8220;en l&#8217;\u00e9tat&#8221;, sans garantie d&#8217;aucune sorte. Dans les limites autoris\u00e9es par la l\u00e9gislation en vigueur, TRIBOFILM n&#8217;accorde aucune garantie explicite, l\u00e9gale ou autre, d&#8217;aptitude \u00e0 l&#8217;ex\u00e9cution d&#8217;un travail donn\u00e9 ou de non-contrefa\u00e7on. TRIBOFILM ne fournit aucune garantie que ce site Web fonctionnera sans interruption, de fa\u00e7on r\u00e9guli\u00e8re, s\u00e9curis\u00e9e ou qu&#8217;il sera exempt d&#8217;erreur.<\/p>\n<p style=\"text-align: justify;\">Vous reconnaissez et acceptez seulement si vous t\u00e9l\u00e9chargez ou obtenez de toute autre mani\u00e8re des \u00e9l\u00e9ments, des informations, des produits, des logiciels, des programmes ou des services, vous le faites \u00e0 vos risques et p\u00e9rils et que vous \u00eates seul responsable de tous dommages qui pourraient en r\u00e9sulter, y compris la perte de donn\u00e9es ou l&#8217;alt\u00e9ration de votre syst\u00e8me.<\/p>\n<p style=\"text-align: justify;\">Certaines juridictions n&#8217;autorisent pas l&#8217;exclusion des garanties, auquel cas, l&#8217;exclusion ci-dessus ne vous sera pas applicable.<\/p>\n<p style=\"text-align: justify;\"><strong><em>Limitation de responsabilit\u00e9<\/em><\/strong><br \/>\nEn aucun cas, TRIBOFILM ne sera tenue responsable des dommages directs, indirects, accessoires, sp\u00e9ciaux, \u00e0 titre d&#8217;exemple, \u00e0 caract\u00e8re r\u00e9pressif, r\u00e9sultant de l&#8217;usage de ce site Web ou d&#8217;autres sites ou ressources qui lui sont li\u00e9s, ou accessibles \u00e0 partir de, ou via ce site Web, ou encore pour l&#8217;utilisation, le t\u00e9l\u00e9chargement ou l&#8217;acc\u00e8s \u00e0 des \u00e9l\u00e9ments, des informations, des produits ou des services, ,notamment tout pr\u00e9judice financier ou commercial, perte de programmes ou de donn\u00e9es dans votre syst\u00e8me d&#8217;information ou autre, m\u00eame si TRIBOFILM a eu connaissance de la possibilit\u00e9 de survenance de tels dommages, cette exclusion et renonciation de responsabilit\u00e9 s&#8217;applique \u00e0 toutes les causes d&#8217;action, que celles-ci soient bas\u00e9es sur un contrat, une garantie, un d\u00e9lit ou toute autre th\u00e9orie l\u00e9gale.<\/p>\n","protected":false},"excerpt":{"rendered":"<p>&nbsp; TRIBOFILM Solutions de GMAO et de Gestion des services techniques. Si\u00e8ge social TRIBOFILM 38-40 rue Jacques de Vaucanson 17180 PERIGNY CEDEX\u00a0 &#8211;\u00a0 FRANCE T\u00e9l : +33 (0)5 46 56 75 75\u00a0 \/\u00a0 Fax : +33\u00a0(0)5 46 56 97 26 contact@tribofilm.fr\u00a0 &#8211;\u00a0 www.tribofilm.fr TRIBOFILM est une SAS au capital social de 30 000 euros Num\u00e9ro [&hellip;]<\/p>\n","protected":false},"author":18,"featured_media":0,"parent":0,"menu_order":0,"comment_status":"closed","ping_status":"closed","template":"","meta":{"_acf_changed":false,"footnotes":""},"class_list":["post-17944","page","type-page","status-publish","hentry"],"acf":[],"yoast_head":"<!-- This site is optimized with the Yoast SEO plugin v27.4 - https:\/\/yoast.com\/product\/yoast-seo-wordpress\/ -->\n<title>Legals - Tribofilm<\/title>\n<meta name=\"robots\" content=\"index, follow, max-snippet:-1, max-image-preview:large, max-video-preview:-1\" \/>\n<link rel=\"canonical\" href=\"https:\/\/www.tribofilm.fr\/en\/mentions-legales\/\" \/>\n<meta property=\"og:locale\" content=\"en_US\" \/>\n<meta property=\"og:type\" content=\"article\" \/>\n<meta property=\"og:title\" content=\"Legals - Tribofilm\" \/>\n<meta property=\"og:description\" content=\"&nbsp; TRIBOFILM Solutions de GMAO et de Gestion des services techniques. Si\u00e8ge social TRIBOFILM 38-40 rue Jacques de Vaucanson 17180 PERIGNY CEDEX\u00a0 &#8211;\u00a0 FRANCE T\u00e9l : +33 (0)5 46 56 75 75\u00a0 \/\u00a0 Fax : +33\u00a0(0)5 46 56 97 26 contact@tribofilm.fr\u00a0 &#8211;\u00a0 www.tribofilm.fr TRIBOFILM est une SAS au capital social de 30 000 euros Num\u00e9ro [&hellip;]\" \/>\n<meta property=\"og:url\" content=\"https:\/\/www.tribofilm.fr\/en\/mentions-legales\/\" \/>\n<meta property=\"og:site_name\" content=\"Tribofilm\" \/>\n<meta property=\"article:publisher\" content=\"https:\/\/www.facebook.com\/tribofilm\/\" \/>\n<meta property=\"article:modified_time\" content=\"2025-10-09T09:29:15+00:00\" \/>\n<meta name=\"twitter:card\" content=\"summary_large_image\" \/>\n<meta name=\"twitter:site\" content=\"@TRIBOFILM\" \/>\n<meta name=\"twitter:label1\" content=\"Est. reading time\" \/>\n\t<meta name=\"twitter:data1\" content=\"9 minutes\" \/>\n<script type=\"application\/ld+json\" class=\"yoast-schema-graph\">{\"@context\":\"https:\\\/\\\/schema.org\",\"@graph\":[{\"@type\":\"WebPage\",\"@id\":\"https:\\\/\\\/www.tribofilm.fr\\\/en\\\/mentions-legales\\\/\",\"url\":\"https:\\\/\\\/www.tribofilm.fr\\\/en\\\/mentions-legales\\\/\",\"name\":\"Legals - Tribofilm\",\"isPartOf\":{\"@id\":\"https:\\\/\\\/www.tribofilm.fr\\\/en\\\/#website\"},\"datePublished\":\"2023-09-08T07:58:01+00:00\",\"dateModified\":\"2025-10-09T09:29:15+00:00\",\"breadcrumb\":{\"@id\":\"https:\\\/\\\/www.tribofilm.fr\\\/en\\\/mentions-legales\\\/#breadcrumb\"},\"inLanguage\":\"en-US\",\"potentialAction\":[{\"@type\":\"ReadAction\",\"target\":[\"https:\\\/\\\/www.tribofilm.fr\\\/en\\\/mentions-legales\\\/\"]}]},{\"@type\":\"BreadcrumbList\",\"@id\":\"https:\\\/\\\/www.tribofilm.fr\\\/en\\\/mentions-legales\\\/#breadcrumb\",\"itemListElement\":[{\"@type\":\"ListItem\",\"position\":1,\"name\":\"Home\",\"item\":\"https:\\\/\\\/www.tribofilm.fr\\\/en\\\/\"},{\"@type\":\"ListItem\",\"position\":2,\"name\":\"MENTIONS LEGALES\"}]},{\"@type\":\"WebSite\",\"@id\":\"https:\\\/\\\/www.tribofilm.fr\\\/en\\\/#website\",\"url\":\"https:\\\/\\\/www.tribofilm.fr\\\/en\\\/\",\"name\":\"Tribofilm\",\"description\":\"\",\"publisher\":{\"@id\":\"https:\\\/\\\/www.tribofilm.fr\\\/en\\\/#organization\"},\"potentialAction\":[{\"@type\":\"SearchAction\",\"target\":{\"@type\":\"EntryPoint\",\"urlTemplate\":\"https:\\\/\\\/www.tribofilm.fr\\\/en\\\/?s={search_term_string}\"},\"query-input\":{\"@type\":\"PropertyValueSpecification\",\"valueRequired\":true,\"valueName\":\"search_term_string\"}}],\"inLanguage\":\"en-US\"},{\"@type\":\"Organization\",\"@id\":\"https:\\\/\\\/www.tribofilm.fr\\\/en\\\/#organization\",\"name\":\"Tribofilm\",\"url\":\"https:\\\/\\\/www.tribofilm.fr\\\/en\\\/\",\"logo\":{\"@type\":\"ImageObject\",\"inLanguage\":\"en-US\",\"@id\":\"https:\\\/\\\/www.tribofilm.fr\\\/en\\\/#\\\/schema\\\/logo\\\/image\\\/\",\"url\":\"https:\\\/\\\/www.tribofilm.fr\\\/VLnXeJXrfkVw4\\\/uploads\\\/2017\\\/12\\\/tribofilm-industries-editeur-de-logiciels-pour-l-industrie-000353999-product_zoom.jpg\",\"contentUrl\":\"https:\\\/\\\/www.tribofilm.fr\\\/VLnXeJXrfkVw4\\\/uploads\\\/2017\\\/12\\\/tribofilm-industries-editeur-de-logiciels-pour-l-industrie-000353999-product_zoom.jpg\",\"width\":640,\"height\":480,\"caption\":\"Tribofilm\"},\"image\":{\"@id\":\"https:\\\/\\\/www.tribofilm.fr\\\/en\\\/#\\\/schema\\\/logo\\\/image\\\/\"},\"sameAs\":[\"https:\\\/\\\/www.facebook.com\\\/tribofilm\\\/\",\"https:\\\/\\\/x.com\\\/TRIBOFILM\",\"https:\\\/\\\/www.linkedin.com\\\/company\\\/tribofilm-industries\\\/?trk=biz-companies-cym\"]}]}<\/script>\n<!-- \/ Yoast SEO plugin. -->","yoast_head_json":{"title":"Legals - Tribofilm","robots":{"index":"index","follow":"follow","max-snippet":"max-snippet:-1","max-image-preview":"max-image-preview:large","max-video-preview":"max-video-preview:-1"},"canonical":"https:\/\/www.tribofilm.fr\/en\/mentions-legales\/","og_locale":"en_US","og_type":"article","og_title":"Legals - Tribofilm","og_description":"&nbsp; TRIBOFILM Solutions de GMAO et de Gestion des services techniques. Si\u00e8ge social TRIBOFILM 38-40 rue Jacques de Vaucanson 17180 PERIGNY CEDEX\u00a0 &#8211;\u00a0 FRANCE T\u00e9l : +33 (0)5 46 56 75 75\u00a0 \/\u00a0 Fax : +33\u00a0(0)5 46 56 97 26 contact@tribofilm.fr\u00a0 &#8211;\u00a0 www.tribofilm.fr TRIBOFILM est une SAS au capital social de 30 000 euros Num\u00e9ro [&hellip;]","og_url":"https:\/\/www.tribofilm.fr\/en\/mentions-legales\/","og_site_name":"Tribofilm","article_publisher":"https:\/\/www.facebook.com\/tribofilm\/","article_modified_time":"2025-10-09T09:29:15+00:00","twitter_card":"summary_large_image","twitter_site":"@TRIBOFILM","twitter_misc":{"Est. reading time":"9 minutes"},"schema":{"@context":"https:\/\/schema.org","@graph":[{"@type":"WebPage","@id":"https:\/\/www.tribofilm.fr\/en\/mentions-legales\/","url":"https:\/\/www.tribofilm.fr\/en\/mentions-legales\/","name":"Legals - Tribofilm","isPartOf":{"@id":"https:\/\/www.tribofilm.fr\/en\/#website"},"datePublished":"2023-09-08T07:58:01+00:00","dateModified":"2025-10-09T09:29:15+00:00","breadcrumb":{"@id":"https:\/\/www.tribofilm.fr\/en\/mentions-legales\/#breadcrumb"},"inLanguage":"en-US","potentialAction":[{"@type":"ReadAction","target":["https:\/\/www.tribofilm.fr\/en\/mentions-legales\/"]}]},{"@type":"BreadcrumbList","@id":"https:\/\/www.tribofilm.fr\/en\/mentions-legales\/#breadcrumb","itemListElement":[{"@type":"ListItem","position":1,"name":"Home","item":"https:\/\/www.tribofilm.fr\/en\/"},{"@type":"ListItem","position":2,"name":"MENTIONS LEGALES"}]},{"@type":"WebSite","@id":"https:\/\/www.tribofilm.fr\/en\/#website","url":"https:\/\/www.tribofilm.fr\/en\/","name":"Tribofilm","description":"","publisher":{"@id":"https:\/\/www.tribofilm.fr\/en\/#organization"},"potentialAction":[{"@type":"SearchAction","target":{"@type":"EntryPoint","urlTemplate":"https:\/\/www.tribofilm.fr\/en\/?s={search_term_string}"},"query-input":{"@type":"PropertyValueSpecification","valueRequired":true,"valueName":"search_term_string"}}],"inLanguage":"en-US"},{"@type":"Organization","@id":"https:\/\/www.tribofilm.fr\/en\/#organization","name":"Tribofilm","url":"https:\/\/www.tribofilm.fr\/en\/","logo":{"@type":"ImageObject","inLanguage":"en-US","@id":"https:\/\/www.tribofilm.fr\/en\/#\/schema\/logo\/image\/","url":"https:\/\/www.tribofilm.fr\/VLnXeJXrfkVw4\/uploads\/2017\/12\/tribofilm-industries-editeur-de-logiciels-pour-l-industrie-000353999-product_zoom.jpg","contentUrl":"https:\/\/www.tribofilm.fr\/VLnXeJXrfkVw4\/uploads\/2017\/12\/tribofilm-industries-editeur-de-logiciels-pour-l-industrie-000353999-product_zoom.jpg","width":640,"height":480,"caption":"Tribofilm"},"image":{"@id":"https:\/\/www.tribofilm.fr\/en\/#\/schema\/logo\/image\/"},"sameAs":["https:\/\/www.facebook.com\/tribofilm\/","https:\/\/x.com\/TRIBOFILM","https:\/\/www.linkedin.com\/company\/tribofilm-industries\/?trk=biz-companies-cym"]}]}},"_links":{"self":[{"href":"https:\/\/www.tribofilm.fr\/en\/wp-json\/wp\/v2\/pages\/17944","targetHints":{"allow":["GET"]}}],"collection":[{"href":"https:\/\/www.tribofilm.fr\/en\/wp-json\/wp\/v2\/pages"}],"about":[{"href":"https:\/\/www.tribofilm.fr\/en\/wp-json\/wp\/v2\/types\/page"}],"author":[{"embeddable":true,"href":"https:\/\/www.tribofilm.fr\/en\/wp-json\/wp\/v2\/users\/18"}],"replies":[{"embeddable":true,"href":"https:\/\/www.tribofilm.fr\/en\/wp-json\/wp\/v2\/comments?post=17944"}],"version-history":[{"count":1,"href":"https:\/\/www.tribofilm.fr\/en\/wp-json\/wp\/v2\/pages\/17944\/revisions"}],"predecessor-version":[{"id":17945,"href":"https:\/\/www.tribofilm.fr\/en\/wp-json\/wp\/v2\/pages\/17944\/revisions\/17945"}],"wp:attachment":[{"href":"https:\/\/www.tribofilm.fr\/en\/wp-json\/wp\/v2\/media?parent=17944"}],"curies":[{"name":"wp","href":"https:\/\/api.w.org\/{rel}","templated":true}]}}