{"id":965,"date":"2014-06-16T08:18:27","date_gmt":"2014-06-16T07:18:27","guid":{"rendered":"http:\/\/www.tribofilm.ovh\/?page_id=965"},"modified":"2020-01-06T14:32:41","modified_gmt":"2020-01-06T13:32:41","slug":"public-sector","status":"publish","type":"page","link":"https:\/\/www.tribofilm.fr\/en\/public-sector\/","title":{"rendered":"Public sector"},"content":{"rendered":"<h2><strong>Medical Sector<\/strong><\/h2>\n<p>ASSOCIATION ESPERER 95<br \/>\nCENTRE HOSPITALIER INTERCOMMUNAL DE FR\u00c9JUS \u2013 SAINT RAPHA\u00cbL<br \/>\nCENTRE HOSPITALIER DE GRASSE<br \/>\nCENTRE HOSPITALIER DE NOVILLARS<br \/>\nCENTRE HOSPITALIER SP\u00c9CIALIS\u00c9 DU JURA<br \/>\nCLINIQUE MAHMOUDI (Alg\u00e9rie)<br \/>\nFONDATION SAINT JEAN DE DIEU (Paris \u2013 Le Croisic)<br \/>\nINSTITUTION MEDICO-SOCIALE DE BOLBEC<\/p>\n<h2><span style=\"color: #000000;\"><strong>Public Sector, Administration and Association, intercommunal unions<br \/>\n<\/strong><\/span><\/h2>\n<p><span style=\"color: #000000;\">AFPJR<br \/>\nCAMPING LAC DES 3 VALLEES<br \/>\nF\u00c9D\u00c9RATION FRAN\u00c7AISE DE JUDO<br \/>\nGRAND CASINO DE NOUM\u00c9A<br \/>\nGCSMS ESTUAIRE<br \/>\nSYNDICAT INTERCOMMUNAL ECHIR\u00c9, SAINT GELAIS et SAINT MAXIRE<br \/>\nSIVU VOIRIE DU CANTON DE CHEF BOUTONNE<br \/>\nVIPARIS \u2013 PALAIS DES CONGR\u00c8S DE PARIS<\/span><\/p>\n<h2><strong>Research<br \/>\n<\/strong><\/h2>\n<p>ARRONAX CYCLOTRON<br \/>\nSYNCHROTRON SOLEIL CEA \/ CNRS<\/p>\n<div class=\"oSioSc\">\n<div id=\"tw-target\">\n<div id=\"tw-target-text-container\" class=\"gsrt tw-ta-container tw-nfl\">\n<h2 id=\"tw-target-text\" class=\"tw-data-text tw-ta tw-text-medium\" dir=\"ltr\" data-placeholder=\"Traduction\"><span lang=\"en\">Management of air and water quality<\/span><\/h2>\n<p>AIR PACA<br \/>\nATMO AUVERGNE \u2013 RHONE-ALPES<br \/>\nATMO CORSE \u2013 QUALITAIR CORSE<br \/>\nATMO FRANCHE COMT\u00c9<br \/>\nATMO NOUVELLE AQUITAINE<br \/>\nATMO OCCITANIE<br \/>\nATMO SUD (AIR PACA)<br \/>\nSECO<br \/>\nSERTAD<\/p>\n<\/div>\n<\/div>\n<\/div>\n<h2><span style=\"color: #000000;\"><strong>Concils, agglomeration communities<\/strong><\/span><\/h2>\n<p><span style=\"color: #000000;\">COMMUNAUT\u00c9 D\u2019AGGLOM\u00c9RATION CAP EXCELLENCE (Guadeloupe)<br \/>\nCOMMUNAUT\u00c9 D\u2019AGGLOM\u00c9RATION LA ROCHELLE<br \/>\nCOMMUNAUT\u00c9 DE COMMUNES CENTRE MAUGES<br \/>\nCOMMUNAUT\u00c9 DE COMMUNES DES LISI\u00c8RES DE L\u2019OISE<br \/>\nCOMMUNAUT\u00c9 DE COMMUNES DRONNE ET BELLE<br \/>\nCOMMUNAUT\u00c9 DE COMMUNES HAUTE SAINTONGE<br \/>\nCOMMUNAUT\u00c9 DE COMMUNES ILE D\u2019OL\u00c9RON<br \/>\nCOMMUNAUT\u00c9 DE COMMUNES JURA NORD<br \/>\nCOMMUNAUT\u00c9 DE COMMUNES LOCMIN\u00c9<br \/>\nCOMMUNAUT\u00c9 DE COMMUNES LUB\u00c9RON MONTS DE VAUCLUSE<br \/>\nCOMMUNAUT\u00c9 DE COMMUNES M\u00c9DOC ESTUAIRE<br \/>\nCOMMUNAUT\u00c9 DE COMMUNES PAYS DE SAINT GILLES<br \/>\nCOMMUNAUT\u00c9 DE COMMUNES RHONY-VISTRE-VIDOURLE<br \/>\nCOMMUNAUT\u00c9 DE COMMUNES SURG\u00c8RES-CC AUNIS SUD<br \/>\nCOMMUNAUT\u00c9 DE COMMUNES VAL DE SARTHE<br \/>\nCONSEIL G\u00c9N\u00c9RAL DE MEURTHE ET MOSELLE<br \/>\nCONSEIL R\u00c9GIONAL DE PICARDIE<br \/>\nSIC ECHIRE, ST GELAIS et ST MAXIRE<br \/>\nAIME-LA-PLAGNE<br \/>\nAIZENAY<br \/>\nANDERNOS-LES-BAINS<br \/>\nAYTRE<br \/>\nBAGNOLS-EN-FOR\u00caT<br \/>\nBAUG\u00c9-EN-ANJOU<br \/>\nBEAUPREAU-EN-MAUGES<br \/>\nBEAUVOIR-SUR-MER<br \/>\nBILL\u00c8RE<br \/>\nBLANGY-SUR-BRESLE<br \/>\nBOLBEC<br \/>\nBONNEVILLE<br \/>\nBOUGIVAL<br \/>\nBOUILLANTE (Guadeloupe)<br \/>\nBOUVRON<br \/>\nBRAUD ET SAINT-LOUIS<br \/>\nBREUILLET<br \/>\nBRUAY-SUR-L&#8217;ESCAUT<br \/>\nCABESTANY<br \/>\nCASSENEUIL<br \/>\nCASTELSARRASIN<br \/>\nCELLES-SUR-BELLE<br \/>\nCHAMPAGNE-AU-MONT-D&#8217;OR<br \/>\nCHARNY-OR\u00c9E-DE-PUISAYE<br \/>\nCHARTRES-DE-BRETAGNE<br \/>\nCHATEAUGIRON<br \/>\nCH\u00c2TEAU D\u2019OL\u00c9RON<br \/>\nCH\u00c2TENOIS<br \/>\nCHEMILL\u00c9-EN-ANJOU<br \/>\nCHILLY-MAZARIN<br \/>\nCLAYES-SOUS-BOIS<br \/>\nCL\u00c9ON<br \/>\nDENAIN<br \/>\nDIVONNE-LES-BAINS<br \/>\nDOLUS D&#8217;OL\u00c9RON<br \/>\nDONZENAC<br \/>\nENSISHEIM<br \/>\nESCHAU<br \/>\nGASSIN<br \/>\nG\u00c9NISSAC<br \/>\nGIGNAC<br \/>\nGISORS<br \/>\nGOLBEY<br \/>\nH\u00c9NIN-BEAUMONT<br \/>\nHERBIGNAC<br \/>\nILE D&#8217;YEU<br \/>\nISLE<br \/>\nJARD-SUR-MER<br \/>\nLA COURONNE<br \/>\nLA GARNACHE<br \/>\nLA PALMYRE \/ LES MATHES<br \/>\nLA TREMBLADE \/ RONCE-LES-BAINS<br \/>\nLA VERRI\u00c8RE<br \/>\nLES ADRETS DE L&#8217;ESTEREL<br \/>\nLE CHESNAY ROCQUENCOURT<br \/>\nLE PERREUX-SUR-MARNE<br \/>\nLES SORINI\u00c8RES<br \/>\nLOCHES<br \/>\nLONGEVILLE-SUR-MER<br \/>\nLONS-LE-SAUNIER<br \/>\nLOUANNEC<br \/>\nLUMBRES<br \/>\nLUNEL-VIEL<br \/>\nMACAU<br \/>\nMALAUNAY<br \/>\nMARNAZ<br \/>\nM\u00c9DIS<br \/>\nM\u00c8ZE<br \/>\nMOISSAC<br \/>\nMONT-DORE (Nouvelle Cal\u00e9donie)<br \/>\nMONTCHANIN<br \/>\nMONTIVILLIERS<br \/>\nMORET-LOING ET ORVANNE<br \/>\nMORNE A L&#8217;EAU (Guadeloupe)<br \/>\nMOUTHIERS-SUR-BO\u00cbME<br \/>\nMOYEUVRE GRANDE<br \/>\nNEUVIC-SUR-L&#8217;ISLE<br \/>\nNOUVOITOU<br \/>\nNUITS-SAINT-GEORGES<br \/>\nOCTEVILLE-SUR-MER<br \/>\nOISSEL<br \/>\nOLEMPS<br \/>\nOLONNE-SUR-MER<br \/>\nORVAULT<br \/>\nOUISTREHAM-RIVABELLA<br \/>\nPAIMPOL<br \/>\nPANAZOL<br \/>\nP\u00c9RIGNY<br \/>\nPETIT-BOURG (Guadeloupe)<br \/>\nPIERRE-BENITE<br \/>\nPLESCOP<br \/>\nPLOUGONVELIN<br \/>\nPLOUHINEC<br \/>\nPUGET-SUR-ARGENS<br \/>\nQUILLAN<br \/>\nRIANTEC<br \/>\nRIB\u00c9RAC<br \/>\nROGNES<br \/>\nRONCHIN<br \/>\nROQUEBRUNE-CAP-MARTIN<br \/>\nROQUES-SUR-GARONNE<br \/>\nROQUEVAIRE<br \/>\nROULLET SAINT-EST\u00c8PHE<br \/>\nRUELLE-SUR-TOUVRE<br \/>\nSAINT-ANDR\u00c9-DE-LA-ROCHE<br \/>\nSAINT-ASTIER<br \/>\nSAINT AUBIN-LES-ELBEUF<br \/>\nSAINT-BONNET-DE-M\u00dbRE<br \/>\nSAINT-CYR-AU-MONT-D&#8217;OR<br \/>\nSAINT-CYR-SUR-LOIRE<br \/>\nSAINT-FLORENTIN<br \/>\nSAINT-FRAN\u00c7OIS (Guadeloupe)<br \/>\nSAINT-GEORGES-DE-DIDONNE<br \/>\nSAINT-GIRONS<br \/>\nSAINT-JAMES<br \/>\nSAINT-JEOIRE-EN-FAUCIGNY<br \/>\nSAINT-LOUIS<br \/>\nSAINT-LOUIS DE MARIE GALANTE (Guadeloupe)<br \/>\nSAINT MALO<br \/>\nSAINT-MATHIEU-DE-TR\u00c9VIERS<br \/>\nSAINT-NAZAIRE<br \/>\nSAINT-PALAIS-SUR-MER<br \/>\nSAINT-PHILBERT-DE-GRAND-LIEU<br \/>\nSAINT-REMY-LES-CHEVREUSE<br \/>\nSAINT VIT<br \/>\nSAINT-XANDRE<br \/>\nSAINTE-HERMINE<br \/>\nSAINTE-MAURE-DE-TOURAINE<br \/>\nSAUJON<br \/>\nS\u00c9GONZAC<br \/>\nS\u00c9RIGNAN<br \/>\nSOUBISE<br \/>\nSOUPPES-SUR-LOING<br \/>\nTALANGE<br \/>\nTALMONT-SAINT-HILAIRE<br \/>\nTHANN<br \/>\nTHEIX<br \/>\nTRAPPES-EN-YVELINES<br \/>\nTRESSES<br \/>\nVAL D&#8217;IS\u00c8RE<br \/>\nVALLET<br \/>\nVALRAS-PLAGE<br \/>\nVIEILLEVIGNE<br \/>\nVILLELAURE<br \/>\nWASSELONNE<br \/>\n<\/span><\/p>\n<h2><strong>Training and Education<\/strong><\/h2>\n<p><strong>02<\/strong><br \/>\nECOLE TECHNIQUE VARENNES (SNCF) \u2013 COURTEMONT VARENNES<br \/>\nLYCEE CONDORCET \u2013 ST QUENTIN<br \/>\nLYCEE JEAN MACE \u2013 CHAUNY<br \/>\nLYCEE TECHNIQUE JOLIOT CURIE \u2013 HIRSON<br \/>\nLYCEE TECHNIQUE JULES VERNE \u2013 CHATEAU THIERRY<br \/>\nLYCEE LEONARD DE VINCI \u2013 SOISSONS<br \/>\nPROMEO FORMATION SAINT-QUENTIN<br \/>\n<strong>14<\/strong><br \/>\nCFAI \u2013 CAEN<br \/>\nLYCEE A. DE CAUMONT \u2013 CAEN<br \/>\nLYCEE ALBERT SOREL \u2013 HONFLEUR<br \/>\nLYCEE TECHNIQUE JULES VERNE \u2013 CAEN<br \/>\n<strong>16<\/strong><br \/>\nCIFOP \u2013 ANGOULEME<br \/>\nLYCEE D\u2019ENSEIGNEMENT PROFESSIONNEL CHABANNE \u2013 CHASSENEUIL<br \/>\nLYCEE D\u2019ENSEIGNEMENT PROFESSIONNEL LOUIS DELAGE \u2013 COGNAC<br \/>\nLYCEE TECHNIQUE CHARLES DE COULOMBES \u2013 ANGOULEME<br \/>\n<strong>17<\/strong><br \/>\nLYCEE D\u2019ENSEIGNEMENT PROFESSIONNEL \u2013 ROMPSAY<br \/>\n<strong>21<\/strong><br \/>\nLYCEE SAINT-JOSEPH (CFC)<br \/>\n<strong>27<\/strong><br \/>\nLYCEE TECHNIQUE MODESTE LEROY \u2013 EVREUX<br \/>\n<strong>29<\/strong><br \/>\nLYCEE YVES THEPOT \u2013 QUIMPER<br \/>\n<strong>33<\/strong><br \/>\nLYCEE MONTAIGNE &#8211; BORDEAUX<br \/>\nLYCEE TECHNIQUE A. KASTLER \u2013 TALENCE<br \/>\n<strong>37<\/strong><br \/>\nLYCEE TECHNIQUE RABELAIS \u2013 CHINON<br \/>\n<strong>38<\/strong><br \/>\nLYCEE SAINT MARC<br \/>\n<strong>46<\/strong><br \/>\nLYCEE TECHNIQUE MONNERVILLE \u2013 CAHORS<br \/>\n<strong>49<\/strong><br \/>\nAFPA \u2013 ANGERS<br \/>\n<strong>50<\/strong><br \/>\nLYCEE TECHNIQUE CLAUDE LEHEC \u2013 SAINT HILAIRE DU HARCOUET<br \/>\nHALL TECHNOLOGIQUE DE ST LO THERE \u2013 ST LO THERE<br \/>\nLYCEE A. DE TOCQUEVILLE \u2013 CHERBOURG<br \/>\nLYCEE D\u2019ENSEIGNEMENT PROFESSIONNEL \u2013 SAUXMARAIS<br \/>\n<strong>52<\/strong><br \/>\nCFAI DE MAXEVILLE<br \/>\n<strong>54<\/strong><br \/>\nCFAI DE MAXEVILLE<br \/>\nECOLE SUPERIEURE DES SICENCES ET TECHNOLOGIES DE L&#8217;INGENIEUR DE NANCY<br \/>\n<strong>56<\/strong><br \/>\nLYCEE D\u2019ENSEIGNEMENT PROFESSIONNEL EMILE ZOLA \u2013 HENNEBONT<br \/>\n<strong>59<\/strong><br \/>\nAFPA \u2013 DUNKERQUE<br \/>\nAFPI DUNKERQUOISE \u2013 DUNKERQUE<br \/>\nCFAI DE DUNKERQUE<br \/>\nCFAI DE MARCQ-EN-BAROEUL<br \/>\nCFAI DE VALENCIENNES<br \/>\nINSTITUT COLBERT \u2013 TOURCOING<br \/>\nLYCEE ALFRED KASTLER \u2013 DENAIN<br \/>\nLYCEE EDMOND LABBE<br \/>\nLYCEE HQE \u2013 CALAIS<br \/>\nLYCEE INDUSTRIEL COMMERCIAL ET PRIVEE \u2013 LILLE<br \/>\nLYCEE PROFESSIONNEL PIERRE ET MARIE CURIE<br \/>\nLYCEE TECHNIQUE BAGGIO LILLE<br \/>\n<strong>60<\/strong><br \/>\nLYCEE CHARLES DE BOVELLES- NOYON<br \/>\nLYCEE LAVOISIER \u2013 MERU<br \/>\nLYCEE PROFESSIONNEL MARIE CURIE<br \/>\nLYCEE ROBERT DESNOS \u2013 CREPY EN VALOIS<br \/>\nLYCEE TECHNIQUE MIREILLE GRENET \u2013 COMPIEGNE<br \/>\nLYCEE TECHNIQUE PAUL LANGEVIN \u2013 BEAUVAIS<br \/>\nPROMEO FORMATION SENLIS<br \/>\nPROMEO FORMATION VENETTE<br \/>\n<strong>62<\/strong><br \/>\nCFAI DE MONTIGNY EN GOHELLE<br \/>\nCFAI DE SAINT MARTIN DE BOULOGNE<br \/>\nLYCEE LEONARD DE VINCI \u2013 CALAIS<br \/>\nLYCEE POLYVALENT BEHAL \u2013 LENS<br \/>\n<strong>63<\/strong><br \/>\nCEFARAM \u2013 CLERMONT FERRAND<br \/>\n<strong>75<\/strong><br \/>\nIUT PARIS DESCARTES<br \/>\n<strong>76<\/strong><br \/>\nECOLE INDUSTRIELLE DE ROUEN \u2013 ROUEN<br \/>\nLYCEE TECHNIQUE PRIVEE LA CHATAIGNERAIE \u2013 LE MESNIL ESNARD<br \/>\n<strong>77<\/strong><br \/>\nLYCEE GEORGES CORMIER \u2013 COULOMMIERS<br \/>\n<strong>79<\/strong><br \/>\nLYCEE TECHNIQUE PAUL GUERIN \u2013 NIORT<br \/>\n<strong>80<\/strong><br \/>\nCFAI DE LA SOMME \u2013 AMIENS<br \/>\nLYCEE BOUCHER DE PERTHES \u2013 ABBEVILLE<br \/>\nLYCEE JEAN RACINE \u2013 MONTDIDIER<br \/>\nLYCEE PROFESSIONNEL FRIVILLE ESCARBOTIN<br \/>\nLYCEE PROFESSIONNEL LAMARK \u2013 ALBERT<br \/>\nLYCEE TECHNIQUE EDOUARD BRANLY \u2013 AMIENS<br \/>\nLYCEE TECHNIQUE PAUL LANGEVIN \u2013 AMIENS<br \/>\nLYCEE PROFESSIONEL ALFRED MANESSIER \u2013 FLIXECOURT<br \/>\n<strong>86<\/strong><br \/>\nAFPI \u2013 POITIERS<br \/>\nCERFOP \u2013 POITIERS<br \/>\nCFAI POITOU CHARENTES &#8211; MAISON DE LA FORMATION<br \/>\nLYCEE D\u2019ENSEIGNEMENT PROFESSIONNEL RAOUL MORTIER \u2013 MONTMORILLON<br \/>\nLYCEE PROFESSIONNEL EDOUARD BRANLY \u2013 CHATELLERAULT<br \/>\nLYCEE PROFESSIONNEL REAUMUR \u2013 POITIERS<br \/>\n<strong>97<\/strong><br \/>\nLYCEE POLYVALENT JOSEPH ZOBEL \u2013 RIVIERE SALEE<\/p>\n","protected":false},"excerpt":{"rendered":"<p>Medical Sector ASSOCIATION ESPERER 95 CENTRE HOSPITALIER INTERCOMMUNAL DE FR\u00c9JUS \u2013 SAINT RAPHA\u00cbL CENTRE HOSPITALIER DE GRASSE CENTRE HOSPITALIER DE NOVILLARS CENTRE HOSPITALIER SP\u00c9CIALIS\u00c9 DU JURA CLINIQUE MAHMOUDI (Alg\u00e9rie) FONDATION SAINT JEAN DE DIEU (Paris \u2013 Le Croisic) INSTITUTION MEDICO-SOCIALE DE BOLBEC Public Sector, Administration and Association, intercommunal unions AFPJR CAMPING LAC DES 3 VALLEES [&hellip;]<\/p>\n","protected":false},"author":11,"featured_media":8172,"parent":0,"menu_order":0,"comment_status":"closed","ping_status":"closed","template":"","meta":{"_acf_changed":false,"footnotes":""},"class_list":["post-965","page","type-page","status-publish","has-post-thumbnail","hentry"],"acf":[],"yoast_head":"<!-- This site is optimized with the Yoast SEO plugin v27.4 - https:\/\/yoast.com\/product\/yoast-seo-wordpress\/ -->\n<title>Public sector - Tribofilm<\/title>\n<meta name=\"robots\" content=\"index, follow, max-snippet:-1, max-image-preview:large, max-video-preview:-1\" \/>\n<link rel=\"canonical\" href=\"https:\/\/www.tribofilm.fr\/en\/public-sector\/\" \/>\n<meta property=\"og:locale\" content=\"en_US\" \/>\n<meta property=\"og:type\" content=\"article\" \/>\n<meta property=\"og:title\" content=\"Public sector - Tribofilm\" \/>\n<meta property=\"og:description\" content=\"Medical Sector ASSOCIATION ESPERER 95 CENTRE HOSPITALIER INTERCOMMUNAL DE FR\u00c9JUS \u2013 SAINT RAPHA\u00cbL CENTRE HOSPITALIER DE GRASSE CENTRE HOSPITALIER DE NOVILLARS CENTRE HOSPITALIER SP\u00c9CIALIS\u00c9 DU JURA CLINIQUE MAHMOUDI (Alg\u00e9rie) FONDATION SAINT JEAN DE DIEU (Paris \u2013 Le Croisic) INSTITUTION MEDICO-SOCIALE DE BOLBEC Public Sector, Administration and Association, intercommunal unions AFPJR CAMPING LAC DES 3 VALLEES [&hellip;]\" \/>\n<meta property=\"og:url\" content=\"https:\/\/www.tribofilm.fr\/en\/public-sector\/\" \/>\n<meta property=\"og:site_name\" content=\"Tribofilm\" \/>\n<meta property=\"article:publisher\" content=\"https:\/\/www.facebook.com\/tribofilm\/\" \/>\n<meta property=\"article:modified_time\" content=\"2020-01-06T13:32:41+00:00\" \/>\n<meta property=\"og:image\" content=\"https:\/\/www.tribofilm.fr\/VLnXeJXrfkVw4\/uploads\/2018\/05\/Fotolia_13532357_XL.jpg\" \/>\n\t<meta property=\"og:image:width\" content=\"2048\" \/>\n\t<meta property=\"og:image:height\" content=\"882\" \/>\n\t<meta property=\"og:image:type\" content=\"image\/jpeg\" \/>\n<meta name=\"twitter:card\" content=\"summary_large_image\" \/>\n<meta name=\"twitter:site\" content=\"@TRIBOFILM\" \/>\n<meta name=\"twitter:label1\" content=\"Est. reading time\" \/>\n\t<meta name=\"twitter:data1\" content=\"4 minutes\" \/>\n<script type=\"application\/ld+json\" class=\"yoast-schema-graph\">{\"@context\":\"https:\\\/\\\/schema.org\",\"@graph\":[{\"@type\":\"WebPage\",\"@id\":\"https:\\\/\\\/www.tribofilm.fr\\\/en\\\/public-sector\\\/\",\"url\":\"https:\\\/\\\/www.tribofilm.fr\\\/en\\\/public-sector\\\/\",\"name\":\"Public sector - Tribofilm\",\"isPartOf\":{\"@id\":\"https:\\\/\\\/www.tribofilm.fr\\\/en\\\/#website\"},\"primaryImageOfPage\":{\"@id\":\"https:\\\/\\\/www.tribofilm.fr\\\/en\\\/public-sector\\\/#primaryimage\"},\"image\":{\"@id\":\"https:\\\/\\\/www.tribofilm.fr\\\/en\\\/public-sector\\\/#primaryimage\"},\"thumbnailUrl\":\"https:\\\/\\\/www.tribofilm.fr\\\/VLnXeJXrfkVw4\\\/uploads\\\/2018\\\/05\\\/Fotolia_13532357_XL.jpg\",\"datePublished\":\"2014-06-16T07:18:27+00:00\",\"dateModified\":\"2020-01-06T13:32:41+00:00\",\"breadcrumb\":{\"@id\":\"https:\\\/\\\/www.tribofilm.fr\\\/en\\\/public-sector\\\/#breadcrumb\"},\"inLanguage\":\"en-US\",\"potentialAction\":[{\"@type\":\"ReadAction\",\"target\":[\"https:\\\/\\\/www.tribofilm.fr\\\/en\\\/public-sector\\\/\"]}]},{\"@type\":\"ImageObject\",\"inLanguage\":\"en-US\",\"@id\":\"https:\\\/\\\/www.tribofilm.fr\\\/en\\\/public-sector\\\/#primaryimage\",\"url\":\"https:\\\/\\\/www.tribofilm.fr\\\/VLnXeJXrfkVw4\\\/uploads\\\/2018\\\/05\\\/Fotolia_13532357_XL.jpg\",\"contentUrl\":\"https:\\\/\\\/www.tribofilm.fr\\\/VLnXeJXrfkVw4\\\/uploads\\\/2018\\\/05\\\/Fotolia_13532357_XL.jpg\",\"width\":2048,\"height\":882,\"caption\":\"mainti-4-technical-services\"},{\"@type\":\"BreadcrumbList\",\"@id\":\"https:\\\/\\\/www.tribofilm.fr\\\/en\\\/public-sector\\\/#breadcrumb\",\"itemListElement\":[{\"@type\":\"ListItem\",\"position\":1,\"name\":\"Home\",\"item\":\"https:\\\/\\\/www.tribofilm.fr\\\/en\\\/\"},{\"@type\":\"ListItem\",\"position\":2,\"name\":\"References\",\"item\":\"https:\\\/\\\/www.tribofilm.fr\\\/en\\\/?page_id=18\"},{\"@type\":\"ListItem\",\"position\":3,\"name\":\"Public sector\"}]},{\"@type\":\"WebSite\",\"@id\":\"https:\\\/\\\/www.tribofilm.fr\\\/en\\\/#website\",\"url\":\"https:\\\/\\\/www.tribofilm.fr\\\/en\\\/\",\"name\":\"Tribofilm\",\"description\":\"\",\"publisher\":{\"@id\":\"https:\\\/\\\/www.tribofilm.fr\\\/en\\\/#organization\"},\"potentialAction\":[{\"@type\":\"SearchAction\",\"target\":{\"@type\":\"EntryPoint\",\"urlTemplate\":\"https:\\\/\\\/www.tribofilm.fr\\\/en\\\/?s={search_term_string}\"},\"query-input\":{\"@type\":\"PropertyValueSpecification\",\"valueRequired\":true,\"valueName\":\"search_term_string\"}}],\"inLanguage\":\"en-US\"},{\"@type\":\"Organization\",\"@id\":\"https:\\\/\\\/www.tribofilm.fr\\\/en\\\/#organization\",\"name\":\"Tribofilm\",\"url\":\"https:\\\/\\\/www.tribofilm.fr\\\/en\\\/\",\"logo\":{\"@type\":\"ImageObject\",\"inLanguage\":\"en-US\",\"@id\":\"https:\\\/\\\/www.tribofilm.fr\\\/en\\\/#\\\/schema\\\/logo\\\/image\\\/\",\"url\":\"https:\\\/\\\/www.tribofilm.fr\\\/VLnXeJXrfkVw4\\\/uploads\\\/2017\\\/12\\\/tribofilm-industries-editeur-de-logiciels-pour-l-industrie-000353999-product_zoom.jpg\",\"contentUrl\":\"https:\\\/\\\/www.tribofilm.fr\\\/VLnXeJXrfkVw4\\\/uploads\\\/2017\\\/12\\\/tribofilm-industries-editeur-de-logiciels-pour-l-industrie-000353999-product_zoom.jpg\",\"width\":640,\"height\":480,\"caption\":\"Tribofilm\"},\"image\":{\"@id\":\"https:\\\/\\\/www.tribofilm.fr\\\/en\\\/#\\\/schema\\\/logo\\\/image\\\/\"},\"sameAs\":[\"https:\\\/\\\/www.facebook.com\\\/tribofilm\\\/\",\"https:\\\/\\\/x.com\\\/TRIBOFILM\",\"https:\\\/\\\/www.linkedin.com\\\/company\\\/tribofilm-industries\\\/?trk=biz-companies-cym\"]}]}<\/script>\n<!-- \/ Yoast SEO plugin. -->","yoast_head_json":{"title":"Public sector - Tribofilm","robots":{"index":"index","follow":"follow","max-snippet":"max-snippet:-1","max-image-preview":"max-image-preview:large","max-video-preview":"max-video-preview:-1"},"canonical":"https:\/\/www.tribofilm.fr\/en\/public-sector\/","og_locale":"en_US","og_type":"article","og_title":"Public sector - Tribofilm","og_description":"Medical Sector ASSOCIATION ESPERER 95 CENTRE HOSPITALIER INTERCOMMUNAL DE FR\u00c9JUS \u2013 SAINT RAPHA\u00cbL CENTRE HOSPITALIER DE GRASSE CENTRE HOSPITALIER DE NOVILLARS CENTRE HOSPITALIER SP\u00c9CIALIS\u00c9 DU JURA CLINIQUE MAHMOUDI (Alg\u00e9rie) FONDATION SAINT JEAN DE DIEU (Paris \u2013 Le Croisic) INSTITUTION MEDICO-SOCIALE DE BOLBEC Public Sector, Administration and Association, intercommunal unions AFPJR CAMPING LAC DES 3 VALLEES [&hellip;]","og_url":"https:\/\/www.tribofilm.fr\/en\/public-sector\/","og_site_name":"Tribofilm","article_publisher":"https:\/\/www.facebook.com\/tribofilm\/","article_modified_time":"2020-01-06T13:32:41+00:00","og_image":[{"width":2048,"height":882,"url":"https:\/\/www.tribofilm.fr\/VLnXeJXrfkVw4\/uploads\/2018\/05\/Fotolia_13532357_XL.jpg","type":"image\/jpeg"}],"twitter_card":"summary_large_image","twitter_site":"@TRIBOFILM","twitter_misc":{"Est. reading time":"4 minutes"},"schema":{"@context":"https:\/\/schema.org","@graph":[{"@type":"WebPage","@id":"https:\/\/www.tribofilm.fr\/en\/public-sector\/","url":"https:\/\/www.tribofilm.fr\/en\/public-sector\/","name":"Public sector - Tribofilm","isPartOf":{"@id":"https:\/\/www.tribofilm.fr\/en\/#website"},"primaryImageOfPage":{"@id":"https:\/\/www.tribofilm.fr\/en\/public-sector\/#primaryimage"},"image":{"@id":"https:\/\/www.tribofilm.fr\/en\/public-sector\/#primaryimage"},"thumbnailUrl":"https:\/\/www.tribofilm.fr\/VLnXeJXrfkVw4\/uploads\/2018\/05\/Fotolia_13532357_XL.jpg","datePublished":"2014-06-16T07:18:27+00:00","dateModified":"2020-01-06T13:32:41+00:00","breadcrumb":{"@id":"https:\/\/www.tribofilm.fr\/en\/public-sector\/#breadcrumb"},"inLanguage":"en-US","potentialAction":[{"@type":"ReadAction","target":["https:\/\/www.tribofilm.fr\/en\/public-sector\/"]}]},{"@type":"ImageObject","inLanguage":"en-US","@id":"https:\/\/www.tribofilm.fr\/en\/public-sector\/#primaryimage","url":"https:\/\/www.tribofilm.fr\/VLnXeJXrfkVw4\/uploads\/2018\/05\/Fotolia_13532357_XL.jpg","contentUrl":"https:\/\/www.tribofilm.fr\/VLnXeJXrfkVw4\/uploads\/2018\/05\/Fotolia_13532357_XL.jpg","width":2048,"height":882,"caption":"mainti-4-technical-services"},{"@type":"BreadcrumbList","@id":"https:\/\/www.tribofilm.fr\/en\/public-sector\/#breadcrumb","itemListElement":[{"@type":"ListItem","position":1,"name":"Home","item":"https:\/\/www.tribofilm.fr\/en\/"},{"@type":"ListItem","position":2,"name":"References","item":"https:\/\/www.tribofilm.fr\/en\/?page_id=18"},{"@type":"ListItem","position":3,"name":"Public sector"}]},{"@type":"WebSite","@id":"https:\/\/www.tribofilm.fr\/en\/#website","url":"https:\/\/www.tribofilm.fr\/en\/","name":"Tribofilm","description":"","publisher":{"@id":"https:\/\/www.tribofilm.fr\/en\/#organization"},"potentialAction":[{"@type":"SearchAction","target":{"@type":"EntryPoint","urlTemplate":"https:\/\/www.tribofilm.fr\/en\/?s={search_term_string}"},"query-input":{"@type":"PropertyValueSpecification","valueRequired":true,"valueName":"search_term_string"}}],"inLanguage":"en-US"},{"@type":"Organization","@id":"https:\/\/www.tribofilm.fr\/en\/#organization","name":"Tribofilm","url":"https:\/\/www.tribofilm.fr\/en\/","logo":{"@type":"ImageObject","inLanguage":"en-US","@id":"https:\/\/www.tribofilm.fr\/en\/#\/schema\/logo\/image\/","url":"https:\/\/www.tribofilm.fr\/VLnXeJXrfkVw4\/uploads\/2017\/12\/tribofilm-industries-editeur-de-logiciels-pour-l-industrie-000353999-product_zoom.jpg","contentUrl":"https:\/\/www.tribofilm.fr\/VLnXeJXrfkVw4\/uploads\/2017\/12\/tribofilm-industries-editeur-de-logiciels-pour-l-industrie-000353999-product_zoom.jpg","width":640,"height":480,"caption":"Tribofilm"},"image":{"@id":"https:\/\/www.tribofilm.fr\/en\/#\/schema\/logo\/image\/"},"sameAs":["https:\/\/www.facebook.com\/tribofilm\/","https:\/\/x.com\/TRIBOFILM","https:\/\/www.linkedin.com\/company\/tribofilm-industries\/?trk=biz-companies-cym"]}]}},"_links":{"self":[{"href":"https:\/\/www.tribofilm.fr\/en\/wp-json\/wp\/v2\/pages\/965","targetHints":{"allow":["GET"]}}],"collection":[{"href":"https:\/\/www.tribofilm.fr\/en\/wp-json\/wp\/v2\/pages"}],"about":[{"href":"https:\/\/www.tribofilm.fr\/en\/wp-json\/wp\/v2\/types\/page"}],"author":[{"embeddable":true,"href":"https:\/\/www.tribofilm.fr\/en\/wp-json\/wp\/v2\/users\/11"}],"replies":[{"embeddable":true,"href":"https:\/\/www.tribofilm.fr\/en\/wp-json\/wp\/v2\/comments?post=965"}],"version-history":[{"count":5,"href":"https:\/\/www.tribofilm.fr\/en\/wp-json\/wp\/v2\/pages\/965\/revisions"}],"predecessor-version":[{"id":13308,"href":"https:\/\/www.tribofilm.fr\/en\/wp-json\/wp\/v2\/pages\/965\/revisions\/13308"}],"wp:featuredmedia":[{"embeddable":true,"href":"https:\/\/www.tribofilm.fr\/en\/wp-json\/wp\/v2\/media\/8172"}],"wp:attachment":[{"href":"https:\/\/www.tribofilm.fr\/en\/wp-json\/wp\/v2\/media?parent=965"}],"curies":[{"name":"wp","href":"https:\/\/api.w.org\/{rel}","templated":true}]}}