{"id":2445,"date":"2015-07-21T11:09:23","date_gmt":"2015-07-21T10:09:23","guid":{"rendered":"http:\/\/www.tribofilm.ovh\/?page_id=2445"},"modified":"2025-10-09T10:42:15","modified_gmt":"2025-10-09T09:42:15","slug":"gmao-objectifs","status":"publish","type":"page","link":"https:\/\/www.tribofilm.fr\/es\/softwares\/gmao-objectifs\/","title":{"rendered":"LOS OBJETIVOS DE UNA GMAO"},"content":{"rendered":"<div class=\"wpb-content-wrapper\"><p>[vc_row css=\u00bb.vc_custom_1687878672519{margin-top: 40px !important;}\u00bb][vc_column][vc_column_text css_animation=\u00bbnone\u00bb]<\/p>\n<h3 style=\"text-align: center;\">El Sistema de Gesti\u00f3n de Mantenimiento Asistido por Computadora (GMAO) tiene como objetivo principal simplificar la gesti\u00f3n de su negocio, facilitar la toma de decisiones y ayudar a los servicios de mantenimiento.<\/h3>\n<p>[\/vc_column_text][vc_column_text]<\/p>\n<h2>INDUSTRIAS DONDE SE UTILIZA LA GMAO<\/h2>\n<p>Todas las industrias que tienen equipos que mantener pueden verse potencialmente beneficiadas por la implementaci\u00f3n de una <strong>soluci\u00f3n de GMAO<\/strong>. As\u00ed, podemos mencionar los siguientes sectores:[\/vc_column_text][\/vc_column][\/vc_row][vc_row full_width=\u00bbstretch_row\u00bb css=\u00bb.vc_custom_1687875584656{margin-bottom: 0px !important;background-color: #fbfafa !important;}\u00bb][vc_column width=\u00bb1\/3&#8243;][vc_row_inner css=\u00bb.vc_custom_1687877363331{margin-bottom: 40px !important;}\u00bb][vc_column_inner width=\u00bb1\/12&#8243;][vc_single_image image=\u00bb18278&#8243; img_size=\u00bb40&#215;40&#8243;][\/vc_column_inner][vc_column_inner width=\u00bb11\/12&#8243;][vc_column_text]<strong>Manufactura<\/strong> (automotriz, farmac\u00e9utica, agroalimentaria, etc.)[\/vc_column_text][\/vc_column_inner][\/vc_row_inner][vc_row_inner css=\u00bb.vc_custom_1687877407982{margin-bottom: 40px !important;}\u00bb][vc_column_inner width=\u00bb1\/12&#8243;][vc_single_image image=\u00bb18274&#8243; img_size=\u00bb57&#215;57&#8243;][\/vc_column_inner][vc_column_inner width=\u00bb11\/12&#8243;][vc_column_text]<strong>Energ\u00eda<\/strong> (gas, petr\u00f3leo, electricidad, etc.)[\/vc_column_text][\/vc_column_inner][\/vc_row_inner][vc_row_inner css=\u00bb.vc_custom_1687877423144{margin-bottom: 40px !important;}\u00bb][vc_column_inner width=\u00bb1\/12&#8243;][vc_single_image image=\u00bb18282&#8243; img_size=\u00bb57&#215;57&#8243;][\/vc_column_inner][vc_column_inner width=\u00bb11\/12&#8243;][vc_column_text]<strong>Centros de log\u00edstica\u00a0<\/strong>[\/vc_column_text][\/vc_column_inner][\/vc_row_inner][\/vc_column][vc_column width=\u00bb1\/3&#8243;][vc_row_inner el_class=\u00bb40&#8243; css=\u00bb.vc_custom_1687877559159{margin-bottom: 40px !important;}\u00bb][vc_column_inner width=\u00bb1\/12&#8243;][vc_single_image image=\u00bb17917&#8243; img_size=\u00bb57&#215;57&#8243;][\/vc_column_inner][vc_column_inner width=\u00bb11\/12&#8243;][vc_column_text]<strong>Transporte<\/strong> (carretera, ferrocarril, aire, transporte p\u00fablico, etc.)[\/vc_column_text][\/vc_column_inner][\/vc_row_inner][vc_row_inner css=\u00bb.vc_custom_1687877444843{margin-bottom: 40px !important;}\u00bb][vc_column_inner width=\u00bb1\/12&#8243;][vc_single_image image=\u00bb17911&#8243; img_size=\u00bb57&#215;57&#8243;][\/vc_column_inner][vc_column_inner width=\u00bb11\/12&#8243;][vc_column_text]<strong>Sector m\u00e9dico<\/strong> (hospitales, cl\u00ednicas, centros de rehabilitaci\u00f3n, etc.)[\/vc_column_text][\/vc_column_inner][\/vc_row_inner][vc_row_inner css=\u00bb.vc_custom_1687877423144{margin-bottom: 40px !important;}\u00bb][vc_column_inner width=\u00bb1\/12&#8243;][vc_single_image image=\u00bb17905&#8243; img_size=\u00bb57&#215;57&#8243;][\/vc_column_inner][vc_column_inner width=\u00bb11\/12&#8243;][vc_column_text]<strong>Infraestructuras portuarias\u00a0<\/strong>[\/vc_column_text][\/vc_column_inner][\/vc_row_inner][\/vc_column][vc_column width=\u00bb1\/3&#8243;][vc_row_inner css=\u00bb.vc_custom_1687877549979{margin-bottom: 40px !important;}\u00bb][vc_column_inner width=\u00bb1\/12&#8243;][vc_single_image image=\u00bb17914&#8243; img_size=\u00bb57&#215;57&#8243;][\/vc_column_inner][vc_column_inner width=\u00bb11\/12&#8243;][vc_column_text]<strong>Instituciones p\u00fablicas<\/strong> (autoridades locales, comunidades urbanas, escuelas, etc.)[\/vc_column_text][\/vc_column_inner][\/vc_row_inner][vc_row_inner css=\u00bb.vc_custom_1687877564509{margin-bottom: 40px !important;}\u00bb][vc_column_inner width=\u00bb1\/12&#8243;][vc_single_image image=\u00bb17902&#8243; img_size=\u00bb57&#215;57&#8243;][\/vc_column_inner][vc_column_inner width=\u00bb11\/12&#8243;][vc_column_text]<strong>Construcci\u00f3n<\/strong> y <strong>obras p\u00fablicas\u00a0<\/strong>[\/vc_column_text][\/vc_column_inner][\/vc_row_inner][vc_row_inner css=\u00bb.vc_custom_1687877423144{margin-bottom: 40px !important;}\u00bb][vc_column_inner width=\u00bb1\/12&#8243;][vc_single_image image=\u00bb18265&#8243; img_size=\u00bb57&#215;57&#8243;][\/vc_column_inner][vc_column_inner width=\u00bb11\/12&#8243;][vc_column_text]<strong>Centros de clasificaci\u00f3n de residuos\u00a0<\/strong>[\/vc_column_text][\/vc_column_inner][\/vc_row_inner][\/vc_column][\/vc_row][vc_row][vc_column][vc_column_text]<strong>Dependiendo de la industria espec\u00edfica, se pueden implementar funcionalidades espec\u00edficas en forma de soluciones personalizadas a trav\u00e9s de desarrollos espec\u00edficos.\u00a0<\/strong>[\/vc_column_text][\/vc_column][\/vc_row][vc_row][vc_column][vc_column_text]<\/p>\n<h2 style=\"text-align: justify;\">\u00bfCU\u00c1LES SON LOS PRINCIPALES OBJETIVOS DE LA GMAO?<\/h2>\n<p>[\/vc_column_text][\/vc_column][\/vc_row][vc_row][vc_column width=\u00bb1\/2&#8243;][vc_single_image image=\u00bb18689&#8243; img_size=\u00bb600&#215;550&#8243; alignment=\u00bbcenter\u00bb][\/vc_column][vc_column width=\u00bb1\/2&#8243;][vc_column_text]Como editor de software de mantenimiento desde 1993, TRIBOFILM se esfuerza por simplificar su gesti\u00f3n, y hay numerosas ventajas que destacar :<\/p>\n<ul>\n<li>Mejora en la gesti\u00f3n y reducci\u00f3n de costos de mantenimiento<\/li>\n<li>Aumento de los rendimientos de producci\u00f3n y el desempe\u00f1o del equipo de mantenimiento<\/li>\n<li>Mejora de la fiabilidad y disponibilidad de equipos<\/li>\n<li>Optimizaci\u00f3n de compras (gesti\u00f3n de contratos con contratistas externos, asignaciones contables y anal\u00edticas, etc.)<\/li>\n<li>Seguimiento integral del historial de trabajos de mantenimiento<\/li>\n<li>Gesti\u00f3n de la planificaci\u00f3n de intervenciones<\/li>\n<li>Determinaci\u00f3n de la relaci\u00f3n \u00f3ptima entre mantenimiento preventivo y correctivo en funci\u00f3n de los equipos gestionados y los objetivos de disponibilidad<\/li>\n<li>Mejor control de las actividades de subcontratistas y proveedores de servicios externos<\/li>\n<li>Optimizaci\u00f3n de la gesti\u00f3n de inventarios (mejor control de las salidas, asistencia en inventarios, optimizaci\u00f3n de la rotaci\u00f3n, etc.)<\/li>\n<li>Trazabilidad de equipos<\/li>\n<li>Soporte para la toma de decisiones a trav\u00e9s de an\u00e1lisis hist\u00f3ricos, evaluaciones de m\u00e1quinas y paneles de control<\/li>\n<li>Movilidad y accesibilidad para acceder a informaci\u00f3n de mantenimiento y registrar datos en tiempo real<\/li>\n<li>Mejora de la seguridad de los trabajadores<\/li>\n<li>Seguimiento del cumplimiento de las regulaciones vigentes.<\/li>\n<li>&#8230;<\/li>\n<\/ul>\n<p>[\/vc_column_text][\/vc_column][\/vc_row]<\/p>\n<\/div>","protected":false},"excerpt":{"rendered":"<p>[vc_row css=\u00bb.vc_custom_1687878672519{margin-top: 40px !important;}\u00bb][vc_column][vc_column_text css_animation=\u00bbnone\u00bb] El Sistema de Gesti\u00f3n de Mantenimiento Asistido por Computadora (GMAO) tiene como objetivo principal simplificar la gesti\u00f3n de su negocio, facilitar la toma de decisiones y ayudar a los servicios de mantenimiento. [\/vc_column_text][vc_column_text] INDUSTRIAS DONDE SE UTILIZA LA GMAO Todas las industrias que tienen equipos que mantener pueden verse potencialmente [&hellip;]<\/p>\n","protected":false},"author":11,"featured_media":9243,"parent":917,"menu_order":1,"comment_status":"closed","ping_status":"closed","template":"","meta":{"_acf_changed":false,"footnotes":""},"class_list":["post-2445","page","type-page","status-publish","has-post-thumbnail","hentry"],"acf":[],"yoast_head":"<!-- This site is optimized with the Yoast SEO plugin v27.4 - https:\/\/yoast.com\/product\/yoast-seo-wordpress\/ -->\n<title>Objetivos y retos de la gesti\u00f3n sencilla del mantenimiento empresarial | TRIBOFILM CMMS<\/title>\n<meta name=\"description\" content=\"Las soluciones CMMS de TRIBOFILM son adecuadas para todos los sectores de actividad: Industria, Terciario, Instituciones P\u00fablicas, Transporte, Medicina, Construcci\u00f3n, Telecomunicaciones, etc.\" \/>\n<meta name=\"robots\" content=\"index, follow, max-snippet:-1, max-image-preview:large, max-video-preview:-1\" \/>\n<link rel=\"canonical\" href=\"https:\/\/www.tribofilm.fr\/es\/softwares\/gmao-objectifs\/\" \/>\n<meta property=\"og:locale\" content=\"es_ES\" \/>\n<meta property=\"og:type\" content=\"article\" \/>\n<meta property=\"og:title\" content=\"Objetivos y retos de la gesti\u00f3n sencilla del mantenimiento empresarial | TRIBOFILM CMMS\" \/>\n<meta property=\"og:description\" content=\"Las soluciones CMMS de TRIBOFILM son adecuadas para todos los sectores de actividad: Industria, Terciario, Instituciones P\u00fablicas, Transporte, Medicina, Construcci\u00f3n, Telecomunicaciones, etc.\" \/>\n<meta property=\"og:url\" content=\"https:\/\/www.tribofilm.fr\/es\/softwares\/gmao-objectifs\/\" \/>\n<meta property=\"og:site_name\" content=\"Tribofilm\" \/>\n<meta property=\"article:publisher\" content=\"https:\/\/www.facebook.com\/tribofilm\/\" \/>\n<meta property=\"article:modified_time\" content=\"2025-10-09T09:42:15+00:00\" \/>\n<meta property=\"og:image\" content=\"https:\/\/www.tribofilm.fr\/VLnXeJXrfkVw4\/uploads\/2018\/06\/architecture-2267789_1920.jpg\" \/>\n\t<meta property=\"og:image:width\" content=\"1199\" \/>\n\t<meta property=\"og:image:height\" content=\"799\" \/>\n\t<meta property=\"og:image:type\" content=\"image\/jpeg\" \/>\n<meta name=\"twitter:card\" content=\"summary_large_image\" \/>\n<meta name=\"twitter:site\" content=\"@TRIBOFILM\" \/>\n<meta name=\"twitter:label1\" content=\"Tiempo de lectura\" \/>\n\t<meta name=\"twitter:data1\" content=\"3 minutos\" \/>\n<script type=\"application\/ld+json\" class=\"yoast-schema-graph\">{\"@context\":\"https:\\\/\\\/schema.org\",\"@graph\":[{\"@type\":\"WebPage\",\"@id\":\"https:\\\/\\\/www.tribofilm.fr\\\/es\\\/softwares\\\/gmao-objectifs\\\/\",\"url\":\"https:\\\/\\\/www.tribofilm.fr\\\/es\\\/softwares\\\/gmao-objectifs\\\/\",\"name\":\"Objetivos y retos de la gesti\u00f3n sencilla del mantenimiento empresarial | TRIBOFILM CMMS\",\"isPartOf\":{\"@id\":\"https:\\\/\\\/www.tribofilm.fr\\\/es\\\/#website\"},\"primaryImageOfPage\":{\"@id\":\"https:\\\/\\\/www.tribofilm.fr\\\/es\\\/softwares\\\/gmao-objectifs\\\/#primaryimage\"},\"image\":{\"@id\":\"https:\\\/\\\/www.tribofilm.fr\\\/es\\\/softwares\\\/gmao-objectifs\\\/#primaryimage\"},\"thumbnailUrl\":\"https:\\\/\\\/www.tribofilm.fr\\\/VLnXeJXrfkVw4\\\/uploads\\\/2018\\\/06\\\/architecture-2267789_1920.jpg\",\"datePublished\":\"2015-07-21T10:09:23+00:00\",\"dateModified\":\"2025-10-09T09:42:15+00:00\",\"description\":\"Las soluciones CMMS de TRIBOFILM son adecuadas para todos los sectores de actividad: Industria, Terciario, Instituciones P\u00fablicas, Transporte, Medicina, Construcci\u00f3n, Telecomunicaciones, etc.\",\"breadcrumb\":{\"@id\":\"https:\\\/\\\/www.tribofilm.fr\\\/es\\\/softwares\\\/gmao-objectifs\\\/#breadcrumb\"},\"inLanguage\":\"es\",\"potentialAction\":[{\"@type\":\"ReadAction\",\"target\":[\"https:\\\/\\\/www.tribofilm.fr\\\/es\\\/softwares\\\/gmao-objectifs\\\/\"]}]},{\"@type\":\"ImageObject\",\"inLanguage\":\"es\",\"@id\":\"https:\\\/\\\/www.tribofilm.fr\\\/es\\\/softwares\\\/gmao-objectifs\\\/#primaryimage\",\"url\":\"https:\\\/\\\/www.tribofilm.fr\\\/VLnXeJXrfkVw4\\\/uploads\\\/2018\\\/06\\\/architecture-2267789_1920.jpg\",\"contentUrl\":\"https:\\\/\\\/www.tribofilm.fr\\\/VLnXeJXrfkVw4\\\/uploads\\\/2018\\\/06\\\/architecture-2267789_1920.jpg\",\"width\":1199,\"height\":799,\"caption\":\"gmao-maintenance-mainti-4\"},{\"@type\":\"BreadcrumbList\",\"@id\":\"https:\\\/\\\/www.tribofilm.fr\\\/es\\\/softwares\\\/gmao-objectifs\\\/#breadcrumb\",\"itemListElement\":[{\"@type\":\"ListItem\",\"position\":1,\"name\":\"Accueil\",\"item\":\"https:\\\/\\\/www.tribofilm.fr\\\/es\\\/\"},{\"@type\":\"ListItem\",\"position\":2,\"name\":\"Softwares\",\"item\":\"https:\\\/\\\/www.tribofilm.fr\\\/es\\\/logiciels\\\/\"},{\"@type\":\"ListItem\",\"position\":3,\"name\":\"LOS OBJETIVOS DE UNA GMAO\"}]},{\"@type\":\"WebSite\",\"@id\":\"https:\\\/\\\/www.tribofilm.fr\\\/es\\\/#website\",\"url\":\"https:\\\/\\\/www.tribofilm.fr\\\/es\\\/\",\"name\":\"Tribofilm\",\"description\":\"\",\"publisher\":{\"@id\":\"https:\\\/\\\/www.tribofilm.fr\\\/es\\\/#organization\"},\"potentialAction\":[{\"@type\":\"SearchAction\",\"target\":{\"@type\":\"EntryPoint\",\"urlTemplate\":\"https:\\\/\\\/www.tribofilm.fr\\\/es\\\/?s={search_term_string}\"},\"query-input\":{\"@type\":\"PropertyValueSpecification\",\"valueRequired\":true,\"valueName\":\"search_term_string\"}}],\"inLanguage\":\"es\"},{\"@type\":\"Organization\",\"@id\":\"https:\\\/\\\/www.tribofilm.fr\\\/es\\\/#organization\",\"name\":\"Tribofilm\",\"url\":\"https:\\\/\\\/www.tribofilm.fr\\\/es\\\/\",\"logo\":{\"@type\":\"ImageObject\",\"inLanguage\":\"es\",\"@id\":\"https:\\\/\\\/www.tribofilm.fr\\\/es\\\/#\\\/schema\\\/logo\\\/image\\\/\",\"url\":\"https:\\\/\\\/www.tribofilm.fr\\\/VLnXeJXrfkVw4\\\/uploads\\\/2017\\\/12\\\/tribofilm-industries-editeur-de-logiciels-pour-l-industrie-000353999-product_zoom.jpg\",\"contentUrl\":\"https:\\\/\\\/www.tribofilm.fr\\\/VLnXeJXrfkVw4\\\/uploads\\\/2017\\\/12\\\/tribofilm-industries-editeur-de-logiciels-pour-l-industrie-000353999-product_zoom.jpg\",\"width\":640,\"height\":480,\"caption\":\"Tribofilm\"},\"image\":{\"@id\":\"https:\\\/\\\/www.tribofilm.fr\\\/es\\\/#\\\/schema\\\/logo\\\/image\\\/\"},\"sameAs\":[\"https:\\\/\\\/www.facebook.com\\\/tribofilm\\\/\",\"https:\\\/\\\/x.com\\\/TRIBOFILM\",\"https:\\\/\\\/www.linkedin.com\\\/company\\\/tribofilm-industries\\\/?trk=biz-companies-cym\"]}]}<\/script>\n<!-- \/ Yoast SEO plugin. -->","yoast_head_json":{"title":"Objetivos y retos de la gesti\u00f3n sencilla del mantenimiento empresarial | TRIBOFILM CMMS","description":"Las soluciones CMMS de TRIBOFILM son adecuadas para todos los sectores de actividad: Industria, Terciario, Instituciones P\u00fablicas, Transporte, Medicina, Construcci\u00f3n, Telecomunicaciones, etc.","robots":{"index":"index","follow":"follow","max-snippet":"max-snippet:-1","max-image-preview":"max-image-preview:large","max-video-preview":"max-video-preview:-1"},"canonical":"https:\/\/www.tribofilm.fr\/es\/softwares\/gmao-objectifs\/","og_locale":"es_ES","og_type":"article","og_title":"Objetivos y retos de la gesti\u00f3n sencilla del mantenimiento empresarial | TRIBOFILM CMMS","og_description":"Las soluciones CMMS de TRIBOFILM son adecuadas para todos los sectores de actividad: Industria, Terciario, Instituciones P\u00fablicas, Transporte, Medicina, Construcci\u00f3n, Telecomunicaciones, etc.","og_url":"https:\/\/www.tribofilm.fr\/es\/softwares\/gmao-objectifs\/","og_site_name":"Tribofilm","article_publisher":"https:\/\/www.facebook.com\/tribofilm\/","article_modified_time":"2025-10-09T09:42:15+00:00","og_image":[{"width":1199,"height":799,"url":"https:\/\/www.tribofilm.fr\/VLnXeJXrfkVw4\/uploads\/2018\/06\/architecture-2267789_1920.jpg","type":"image\/jpeg"}],"twitter_card":"summary_large_image","twitter_site":"@TRIBOFILM","twitter_misc":{"Tiempo de lectura":"3 minutos"},"schema":{"@context":"https:\/\/schema.org","@graph":[{"@type":"WebPage","@id":"https:\/\/www.tribofilm.fr\/es\/softwares\/gmao-objectifs\/","url":"https:\/\/www.tribofilm.fr\/es\/softwares\/gmao-objectifs\/","name":"Objetivos y retos de la gesti\u00f3n sencilla del mantenimiento empresarial | TRIBOFILM CMMS","isPartOf":{"@id":"https:\/\/www.tribofilm.fr\/es\/#website"},"primaryImageOfPage":{"@id":"https:\/\/www.tribofilm.fr\/es\/softwares\/gmao-objectifs\/#primaryimage"},"image":{"@id":"https:\/\/www.tribofilm.fr\/es\/softwares\/gmao-objectifs\/#primaryimage"},"thumbnailUrl":"https:\/\/www.tribofilm.fr\/VLnXeJXrfkVw4\/uploads\/2018\/06\/architecture-2267789_1920.jpg","datePublished":"2015-07-21T10:09:23+00:00","dateModified":"2025-10-09T09:42:15+00:00","description":"Las soluciones CMMS de TRIBOFILM son adecuadas para todos los sectores de actividad: Industria, Terciario, Instituciones P\u00fablicas, Transporte, Medicina, Construcci\u00f3n, Telecomunicaciones, etc.","breadcrumb":{"@id":"https:\/\/www.tribofilm.fr\/es\/softwares\/gmao-objectifs\/#breadcrumb"},"inLanguage":"es","potentialAction":[{"@type":"ReadAction","target":["https:\/\/www.tribofilm.fr\/es\/softwares\/gmao-objectifs\/"]}]},{"@type":"ImageObject","inLanguage":"es","@id":"https:\/\/www.tribofilm.fr\/es\/softwares\/gmao-objectifs\/#primaryimage","url":"https:\/\/www.tribofilm.fr\/VLnXeJXrfkVw4\/uploads\/2018\/06\/architecture-2267789_1920.jpg","contentUrl":"https:\/\/www.tribofilm.fr\/VLnXeJXrfkVw4\/uploads\/2018\/06\/architecture-2267789_1920.jpg","width":1199,"height":799,"caption":"gmao-maintenance-mainti-4"},{"@type":"BreadcrumbList","@id":"https:\/\/www.tribofilm.fr\/es\/softwares\/gmao-objectifs\/#breadcrumb","itemListElement":[{"@type":"ListItem","position":1,"name":"Accueil","item":"https:\/\/www.tribofilm.fr\/es\/"},{"@type":"ListItem","position":2,"name":"Softwares","item":"https:\/\/www.tribofilm.fr\/es\/logiciels\/"},{"@type":"ListItem","position":3,"name":"LOS OBJETIVOS DE UNA GMAO"}]},{"@type":"WebSite","@id":"https:\/\/www.tribofilm.fr\/es\/#website","url":"https:\/\/www.tribofilm.fr\/es\/","name":"Tribofilm","description":"","publisher":{"@id":"https:\/\/www.tribofilm.fr\/es\/#organization"},"potentialAction":[{"@type":"SearchAction","target":{"@type":"EntryPoint","urlTemplate":"https:\/\/www.tribofilm.fr\/es\/?s={search_term_string}"},"query-input":{"@type":"PropertyValueSpecification","valueRequired":true,"valueName":"search_term_string"}}],"inLanguage":"es"},{"@type":"Organization","@id":"https:\/\/www.tribofilm.fr\/es\/#organization","name":"Tribofilm","url":"https:\/\/www.tribofilm.fr\/es\/","logo":{"@type":"ImageObject","inLanguage":"es","@id":"https:\/\/www.tribofilm.fr\/es\/#\/schema\/logo\/image\/","url":"https:\/\/www.tribofilm.fr\/VLnXeJXrfkVw4\/uploads\/2017\/12\/tribofilm-industries-editeur-de-logiciels-pour-l-industrie-000353999-product_zoom.jpg","contentUrl":"https:\/\/www.tribofilm.fr\/VLnXeJXrfkVw4\/uploads\/2017\/12\/tribofilm-industries-editeur-de-logiciels-pour-l-industrie-000353999-product_zoom.jpg","width":640,"height":480,"caption":"Tribofilm"},"image":{"@id":"https:\/\/www.tribofilm.fr\/es\/#\/schema\/logo\/image\/"},"sameAs":["https:\/\/www.facebook.com\/tribofilm\/","https:\/\/x.com\/TRIBOFILM","https:\/\/www.linkedin.com\/company\/tribofilm-industries\/?trk=biz-companies-cym"]}]}},"_links":{"self":[{"href":"https:\/\/www.tribofilm.fr\/es\/wp-json\/wp\/v2\/pages\/2445","targetHints":{"allow":["GET"]}}],"collection":[{"href":"https:\/\/www.tribofilm.fr\/es\/wp-json\/wp\/v2\/pages"}],"about":[{"href":"https:\/\/www.tribofilm.fr\/es\/wp-json\/wp\/v2\/types\/page"}],"author":[{"embeddable":true,"href":"https:\/\/www.tribofilm.fr\/es\/wp-json\/wp\/v2\/users\/11"}],"replies":[{"embeddable":true,"href":"https:\/\/www.tribofilm.fr\/es\/wp-json\/wp\/v2\/comments?post=2445"}],"version-history":[{"count":8,"href":"https:\/\/www.tribofilm.fr\/es\/wp-json\/wp\/v2\/pages\/2445\/revisions"}],"predecessor-version":[{"id":19270,"href":"https:\/\/www.tribofilm.fr\/es\/wp-json\/wp\/v2\/pages\/2445\/revisions\/19270"}],"up":[{"embeddable":true,"href":"https:\/\/www.tribofilm.fr\/es\/wp-json\/wp\/v2\/pages\/917"}],"wp:featuredmedia":[{"embeddable":true,"href":"https:\/\/www.tribofilm.fr\/es\/wp-json\/wp\/v2\/media\/9243"}],"wp:attachment":[{"href":"https:\/\/www.tribofilm.fr\/es\/wp-json\/wp\/v2\/media?parent=2445"}],"curies":[{"name":"wp","href":"https:\/\/api.w.org\/{rel}","templated":true}]}}