{"id":2501,"date":"2015-07-23T15:13:11","date_gmt":"2015-07-23T14:13:11","guid":{"rendered":"http:\/\/www.tribofilm.ovh\/?page_id=2501"},"modified":"2025-10-09T10:35:01","modified_gmt":"2025-10-09T09:35:01","slug":"mainti-cloud","status":"publish","type":"page","link":"https:\/\/www.tribofilm.fr\/es\/servicios\/mainti-cloud\/","title":{"rendered":"GMAO en Saas"},"content":{"rendered":"<div class=\"wpb-content-wrapper\"><p>[vc_row][vc_column][vc_column_text]<\/p>\n<p style=\"text-align: justify;\">La oferta Cloud MAINTI4 Con Cloud MAINTI4, no hay compra de software, no hay instalaci\u00f3n en su ordenador, \u00a1no hay programaci\u00f3n de copias de seguridad !<\/p>\n<p style=\"text-align: justify;\">Usted se enfoca en su negocio principal.<\/p>\n<p><strong>El SaaS (Software as a Service)<\/strong> le permite utilizar su software a trav\u00e9s de Internet en su equipo inform\u00e1tico.[\/vc_column_text][vc_single_image image=\u00bb18312&#8243; img_size=\u00bb500&#215;500&#8243; alignment=\u00bbcenter\u00bb css=\u00bb.vc_custom_1696230265691{margin-bottom: -30px !important;}\u00bb][vc_column_text css=\u00bb.vc_custom_1698311834465{margin-top: -10px !important;}\u00bb]<\/p>\n<h2 style=\"text-align: justify;\">Ventajas Del SAAS :<\/h2>\n<p style=\"text-align: justify;\">La soluci\u00f3n SaaS MAINTI4 ofrece muchas ventajas en su implementaci\u00f3n y uso diario.<\/p>\n<h3 style=\"text-align: justify;\">Conc\u00e9ntrese en su negocio principal:<\/h3>\n<ul style=\"text-align: justify;\">\n<li>Un \u00fanico punto de contacto.<\/li>\n<li>\u00a0La gesti\u00f3n de su soluci\u00f3n inform\u00e1tica se delega al editor: actualizaciones de su infraestructura y versiones de software.<\/li>\n<li>Est\u00e1 asegurado de estar siempre en la \u00faltima actualizaci\u00f3n disponible.<\/li>\n<\/ul>\n<h3 style=\"text-align: justify;\">Reduzca los riesgos:<\/h3>\n<ul style=\"text-align: justify;\">\n<li>Menos restricciones inform\u00e1ticas.<\/li>\n<li>Disponibilidad del software SaaS : 7\/7 d\u00edas y 24\/24 horas.<\/li>\n<li>Un sistema de informaci\u00f3n seguro y eficiente.<\/li>\n<li>Cumple con las normativas de protecci\u00f3n de datos (RGPD).<\/li>\n<li>No es necesario instalar software en sus estaciones de trabajo.<\/li>\n<li>Los datos est\u00e1n seguros y respaldados.<\/li>\n<\/ul>\n<h3 style=\"text-align: justify;\">Control de costos :<\/h3>\n<ul style=\"text-align: justify;\">\n<li>Presupuesto controlado a trav\u00e9s de una suscripci\u00f3n mensual.<\/li>\n<li>Sin costos ocultos al actualizar su sistema inform\u00e1tico.<\/li>\n<li>Sin inversi\u00f3n en hardware.<\/li>\n<\/ul>\n<p style=\"text-align: justify;\">\u00a0La oferta incluye:<\/p>\n<ul>\n<li style=\"text-align: justify;\">Acceso a la oferta de GMAO.<\/li>\n<li style=\"text-align: justify;\">Soporte telef\u00f3nico y acceso al portal www.tribofilm.fr\/support.<\/li>\n<li style=\"text-align: justify;\">Una soluci\u00f3n escalable con la disponibilidad de nuevas versiones.<\/li>\n<li style=\"text-align: justify;\">Copia de seguridad diaria de sus datos.<\/li>\n<\/ul>\n<p style=\"text-align: justify;\">El servicio y las bases de datos se alojan en infraestructuras ubicadas en Francia con redundancia de datos en dos ubicaciones geogr\u00e1ficamente separadas. La soluci\u00f3n SaaS cumple con los requisitos de varias normas y certificaciones (certificaci\u00f3n PCI-DSS, certificaci\u00f3n ISO\/IEC 27001, declaraciones SOC 1 TIPO II y SOC 2 TIPO II, etc.).<\/p>\n<p>[\/vc_column_text][\/vc_column][\/vc_row][vc_row][vc_column][vc_empty_space][vc_column_text]<\/p>\n<h2 lang=\"zxx\"><\/h2>\n<h2 lang=\"zxx\"><\/h2>\n<h2 lang=\"zxx\" style=\"text-align: center;\">\u00a1NO DUDE M\u00c1S! \u00a1ELIJA LA REFERENCIA DE GMAO EN EL MODO SAAS CON CLOUD MAINTI4!<\/h2>\n<p>[\/vc_column_text][vc_column_text]<img decoding=\"async\" class=\"wp-image-18672 aligncenter\" src=\"https:\/\/www.tribofilm.fr\/VLnXeJXrfkVw4\/uploads\/2023\/09\/GMAO_Saas-scaled.jpg\" alt=\"GMAO en Saas : l\u2019offre Cloud MAINTI4\" width=\"401\" height=\"401\" srcset=\"https:\/\/www.tribofilm.fr\/VLnXeJXrfkVw4\/uploads\/2023\/09\/GMAO_Saas-scaled.jpg 2560w, https:\/\/www.tribofilm.fr\/VLnXeJXrfkVw4\/uploads\/2023\/09\/GMAO_Saas-300x300.jpg 300w\" sizes=\"(max-width: 401px) 100vw, 401px\" \/>[\/vc_column_text][\/vc_column][\/vc_row][vc_row][vc_column][\/vc_column][\/vc_row]<\/p>\n<\/div>","protected":false},"excerpt":{"rendered":"<p>[vc_row][vc_column][vc_column_text] La oferta Cloud MAINTI4 Con Cloud MAINTI4, no hay compra de software, no hay instalaci\u00f3n en su ordenador, \u00a1no hay programaci\u00f3n de copias de seguridad ! Usted se enfoca en su negocio principal. El SaaS (Software as a Service) le permite utilizar su software a trav\u00e9s de Internet en su equipo inform\u00e1tico.[\/vc_column_text][vc_single_image image=\u00bb18312&#8243; img_size=\u00bb500&#215;500&#8243; [&hellip;]<\/p>\n","protected":false},"author":11,"featured_media":10265,"parent":3093,"menu_order":3,"comment_status":"closed","ping_status":"closed","template":"","meta":{"_acf_changed":false,"footnotes":""},"class_list":["post-2501","page","type-page","status-publish","has-post-thumbnail","hentry"],"acf":[],"yoast_head":"<!-- This site is optimized with the Yoast SEO plugin v27.4 - https:\/\/yoast.com\/product\/yoast-seo-wordpress\/ -->\n<title>CMMS SaaS - CMMS en la nube con MAINTI4 | TRIBOFILM<\/title>\n<meta name=\"description\" content=\"Mainti Cloud es una soluci\u00f3n \u201cSoftware as a Service\u201d con licencias, servidor de alojamiento, copias de seguridad peri\u00f3dicas, actualizaciones y l\u00ednea directa.\" \/>\n<meta name=\"robots\" content=\"index, follow, max-snippet:-1, max-image-preview:large, max-video-preview:-1\" \/>\n<link rel=\"canonical\" href=\"https:\/\/www.tribofilm.fr\/es\/servicios\/mainti-cloud\/\" \/>\n<meta property=\"og:locale\" content=\"es_ES\" \/>\n<meta property=\"og:type\" content=\"article\" \/>\n<meta property=\"og:title\" content=\"CMMS SaaS - CMMS en la nube con MAINTI4 | TRIBOFILM\" \/>\n<meta property=\"og:description\" content=\"Mainti Cloud es una soluci\u00f3n \u201cSoftware as a Service\u201d con licencias, servidor de alojamiento, copias de seguridad peri\u00f3dicas, actualizaciones y l\u00ednea directa.\" \/>\n<meta property=\"og:url\" content=\"https:\/\/www.tribofilm.fr\/es\/servicios\/mainti-cloud\/\" \/>\n<meta property=\"og:site_name\" content=\"Tribofilm\" \/>\n<meta property=\"article:publisher\" content=\"https:\/\/www.facebook.com\/tribofilm\/\" \/>\n<meta property=\"article:modified_time\" content=\"2025-10-09T09:35:01+00:00\" \/>\n<meta property=\"og:image\" content=\"https:\/\/www.tribofilm.fr\/VLnXeJXrfkVw4\/uploads\/2018\/10\/cloud5-1200x400.jpg\" \/>\n\t<meta property=\"og:image:width\" content=\"1200\" \/>\n\t<meta property=\"og:image:height\" content=\"400\" \/>\n\t<meta property=\"og:image:type\" content=\"image\/jpeg\" \/>\n<meta name=\"twitter:card\" content=\"summary_large_image\" \/>\n<meta name=\"twitter:site\" content=\"@TRIBOFILM\" \/>\n<meta name=\"twitter:label1\" content=\"Tiempo de lectura\" \/>\n\t<meta name=\"twitter:data1\" content=\"2 minutos\" \/>\n<script type=\"application\/ld+json\" class=\"yoast-schema-graph\">{\"@context\":\"https:\\\/\\\/schema.org\",\"@graph\":[{\"@type\":\"WebPage\",\"@id\":\"https:\\\/\\\/www.tribofilm.fr\\\/es\\\/servicios\\\/mainti-cloud\\\/\",\"url\":\"https:\\\/\\\/www.tribofilm.fr\\\/es\\\/servicios\\\/mainti-cloud\\\/\",\"name\":\"CMMS SaaS - CMMS en la nube con MAINTI4 | TRIBOFILM\",\"isPartOf\":{\"@id\":\"https:\\\/\\\/www.tribofilm.fr\\\/es\\\/#website\"},\"primaryImageOfPage\":{\"@id\":\"https:\\\/\\\/www.tribofilm.fr\\\/es\\\/servicios\\\/mainti-cloud\\\/#primaryimage\"},\"image\":{\"@id\":\"https:\\\/\\\/www.tribofilm.fr\\\/es\\\/servicios\\\/mainti-cloud\\\/#primaryimage\"},\"thumbnailUrl\":\"https:\\\/\\\/www.tribofilm.fr\\\/VLnXeJXrfkVw4\\\/uploads\\\/2018\\\/10\\\/cloud5-1200x400.jpg\",\"datePublished\":\"2015-07-23T14:13:11+00:00\",\"dateModified\":\"2025-10-09T09:35:01+00:00\",\"description\":\"Mainti Cloud es una soluci\u00f3n \u201cSoftware as a Service\u201d con licencias, servidor de alojamiento, copias de seguridad peri\u00f3dicas, actualizaciones y l\u00ednea directa.\",\"breadcrumb\":{\"@id\":\"https:\\\/\\\/www.tribofilm.fr\\\/es\\\/servicios\\\/mainti-cloud\\\/#breadcrumb\"},\"inLanguage\":\"es\",\"potentialAction\":[{\"@type\":\"ReadAction\",\"target\":[\"https:\\\/\\\/www.tribofilm.fr\\\/es\\\/servicios\\\/mainti-cloud\\\/\"]}]},{\"@type\":\"ImageObject\",\"inLanguage\":\"es\",\"@id\":\"https:\\\/\\\/www.tribofilm.fr\\\/es\\\/servicios\\\/mainti-cloud\\\/#primaryimage\",\"url\":\"https:\\\/\\\/www.tribofilm.fr\\\/VLnXeJXrfkVw4\\\/uploads\\\/2018\\\/10\\\/cloud5-1200x400.jpg\",\"contentUrl\":\"https:\\\/\\\/www.tribofilm.fr\\\/VLnXeJXrfkVw4\\\/uploads\\\/2018\\\/10\\\/cloud5-1200x400.jpg\",\"width\":1200,\"height\":400},{\"@type\":\"BreadcrumbList\",\"@id\":\"https:\\\/\\\/www.tribofilm.fr\\\/es\\\/servicios\\\/mainti-cloud\\\/#breadcrumb\",\"itemListElement\":[{\"@type\":\"ListItem\",\"position\":1,\"name\":\"Accueil\",\"item\":\"https:\\\/\\\/www.tribofilm.fr\\\/es\\\/\"},{\"@type\":\"ListItem\",\"position\":2,\"name\":\"Servicios\",\"item\":\"https:\\\/\\\/www.tribofilm.fr\\\/es\\\/servicios\\\/\"},{\"@type\":\"ListItem\",\"position\":3,\"name\":\"GMAO en Saas\"}]},{\"@type\":\"WebSite\",\"@id\":\"https:\\\/\\\/www.tribofilm.fr\\\/es\\\/#website\",\"url\":\"https:\\\/\\\/www.tribofilm.fr\\\/es\\\/\",\"name\":\"Tribofilm\",\"description\":\"\",\"publisher\":{\"@id\":\"https:\\\/\\\/www.tribofilm.fr\\\/es\\\/#organization\"},\"potentialAction\":[{\"@type\":\"SearchAction\",\"target\":{\"@type\":\"EntryPoint\",\"urlTemplate\":\"https:\\\/\\\/www.tribofilm.fr\\\/es\\\/?s={search_term_string}\"},\"query-input\":{\"@type\":\"PropertyValueSpecification\",\"valueRequired\":true,\"valueName\":\"search_term_string\"}}],\"inLanguage\":\"es\"},{\"@type\":\"Organization\",\"@id\":\"https:\\\/\\\/www.tribofilm.fr\\\/es\\\/#organization\",\"name\":\"Tribofilm\",\"url\":\"https:\\\/\\\/www.tribofilm.fr\\\/es\\\/\",\"logo\":{\"@type\":\"ImageObject\",\"inLanguage\":\"es\",\"@id\":\"https:\\\/\\\/www.tribofilm.fr\\\/es\\\/#\\\/schema\\\/logo\\\/image\\\/\",\"url\":\"https:\\\/\\\/www.tribofilm.fr\\\/VLnXeJXrfkVw4\\\/uploads\\\/2017\\\/12\\\/tribofilm-industries-editeur-de-logiciels-pour-l-industrie-000353999-product_zoom.jpg\",\"contentUrl\":\"https:\\\/\\\/www.tribofilm.fr\\\/VLnXeJXrfkVw4\\\/uploads\\\/2017\\\/12\\\/tribofilm-industries-editeur-de-logiciels-pour-l-industrie-000353999-product_zoom.jpg\",\"width\":640,\"height\":480,\"caption\":\"Tribofilm\"},\"image\":{\"@id\":\"https:\\\/\\\/www.tribofilm.fr\\\/es\\\/#\\\/schema\\\/logo\\\/image\\\/\"},\"sameAs\":[\"https:\\\/\\\/www.facebook.com\\\/tribofilm\\\/\",\"https:\\\/\\\/x.com\\\/TRIBOFILM\",\"https:\\\/\\\/www.linkedin.com\\\/company\\\/tribofilm-industries\\\/?trk=biz-companies-cym\"]}]}<\/script>\n<!-- \/ Yoast SEO plugin. -->","yoast_head_json":{"title":"CMMS SaaS - CMMS en la nube con MAINTI4 | TRIBOFILM","description":"Mainti Cloud es una soluci\u00f3n \u201cSoftware as a Service\u201d con licencias, servidor de alojamiento, copias de seguridad peri\u00f3dicas, actualizaciones y l\u00ednea directa.","robots":{"index":"index","follow":"follow","max-snippet":"max-snippet:-1","max-image-preview":"max-image-preview:large","max-video-preview":"max-video-preview:-1"},"canonical":"https:\/\/www.tribofilm.fr\/es\/servicios\/mainti-cloud\/","og_locale":"es_ES","og_type":"article","og_title":"CMMS SaaS - CMMS en la nube con MAINTI4 | TRIBOFILM","og_description":"Mainti Cloud es una soluci\u00f3n \u201cSoftware as a Service\u201d con licencias, servidor de alojamiento, copias de seguridad peri\u00f3dicas, actualizaciones y l\u00ednea directa.","og_url":"https:\/\/www.tribofilm.fr\/es\/servicios\/mainti-cloud\/","og_site_name":"Tribofilm","article_publisher":"https:\/\/www.facebook.com\/tribofilm\/","article_modified_time":"2025-10-09T09:35:01+00:00","og_image":[{"width":1200,"height":400,"url":"https:\/\/www.tribofilm.fr\/VLnXeJXrfkVw4\/uploads\/2018\/10\/cloud5-1200x400.jpg","type":"image\/jpeg"}],"twitter_card":"summary_large_image","twitter_site":"@TRIBOFILM","twitter_misc":{"Tiempo de lectura":"2 minutos"},"schema":{"@context":"https:\/\/schema.org","@graph":[{"@type":"WebPage","@id":"https:\/\/www.tribofilm.fr\/es\/servicios\/mainti-cloud\/","url":"https:\/\/www.tribofilm.fr\/es\/servicios\/mainti-cloud\/","name":"CMMS SaaS - CMMS en la nube con MAINTI4 | TRIBOFILM","isPartOf":{"@id":"https:\/\/www.tribofilm.fr\/es\/#website"},"primaryImageOfPage":{"@id":"https:\/\/www.tribofilm.fr\/es\/servicios\/mainti-cloud\/#primaryimage"},"image":{"@id":"https:\/\/www.tribofilm.fr\/es\/servicios\/mainti-cloud\/#primaryimage"},"thumbnailUrl":"https:\/\/www.tribofilm.fr\/VLnXeJXrfkVw4\/uploads\/2018\/10\/cloud5-1200x400.jpg","datePublished":"2015-07-23T14:13:11+00:00","dateModified":"2025-10-09T09:35:01+00:00","description":"Mainti Cloud es una soluci\u00f3n \u201cSoftware as a Service\u201d con licencias, servidor de alojamiento, copias de seguridad peri\u00f3dicas, actualizaciones y l\u00ednea directa.","breadcrumb":{"@id":"https:\/\/www.tribofilm.fr\/es\/servicios\/mainti-cloud\/#breadcrumb"},"inLanguage":"es","potentialAction":[{"@type":"ReadAction","target":["https:\/\/www.tribofilm.fr\/es\/servicios\/mainti-cloud\/"]}]},{"@type":"ImageObject","inLanguage":"es","@id":"https:\/\/www.tribofilm.fr\/es\/servicios\/mainti-cloud\/#primaryimage","url":"https:\/\/www.tribofilm.fr\/VLnXeJXrfkVw4\/uploads\/2018\/10\/cloud5-1200x400.jpg","contentUrl":"https:\/\/www.tribofilm.fr\/VLnXeJXrfkVw4\/uploads\/2018\/10\/cloud5-1200x400.jpg","width":1200,"height":400},{"@type":"BreadcrumbList","@id":"https:\/\/www.tribofilm.fr\/es\/servicios\/mainti-cloud\/#breadcrumb","itemListElement":[{"@type":"ListItem","position":1,"name":"Accueil","item":"https:\/\/www.tribofilm.fr\/es\/"},{"@type":"ListItem","position":2,"name":"Servicios","item":"https:\/\/www.tribofilm.fr\/es\/servicios\/"},{"@type":"ListItem","position":3,"name":"GMAO en Saas"}]},{"@type":"WebSite","@id":"https:\/\/www.tribofilm.fr\/es\/#website","url":"https:\/\/www.tribofilm.fr\/es\/","name":"Tribofilm","description":"","publisher":{"@id":"https:\/\/www.tribofilm.fr\/es\/#organization"},"potentialAction":[{"@type":"SearchAction","target":{"@type":"EntryPoint","urlTemplate":"https:\/\/www.tribofilm.fr\/es\/?s={search_term_string}"},"query-input":{"@type":"PropertyValueSpecification","valueRequired":true,"valueName":"search_term_string"}}],"inLanguage":"es"},{"@type":"Organization","@id":"https:\/\/www.tribofilm.fr\/es\/#organization","name":"Tribofilm","url":"https:\/\/www.tribofilm.fr\/es\/","logo":{"@type":"ImageObject","inLanguage":"es","@id":"https:\/\/www.tribofilm.fr\/es\/#\/schema\/logo\/image\/","url":"https:\/\/www.tribofilm.fr\/VLnXeJXrfkVw4\/uploads\/2017\/12\/tribofilm-industries-editeur-de-logiciels-pour-l-industrie-000353999-product_zoom.jpg","contentUrl":"https:\/\/www.tribofilm.fr\/VLnXeJXrfkVw4\/uploads\/2017\/12\/tribofilm-industries-editeur-de-logiciels-pour-l-industrie-000353999-product_zoom.jpg","width":640,"height":480,"caption":"Tribofilm"},"image":{"@id":"https:\/\/www.tribofilm.fr\/es\/#\/schema\/logo\/image\/"},"sameAs":["https:\/\/www.facebook.com\/tribofilm\/","https:\/\/x.com\/TRIBOFILM","https:\/\/www.linkedin.com\/company\/tribofilm-industries\/?trk=biz-companies-cym"]}]}},"_links":{"self":[{"href":"https:\/\/www.tribofilm.fr\/es\/wp-json\/wp\/v2\/pages\/2501","targetHints":{"allow":["GET"]}}],"collection":[{"href":"https:\/\/www.tribofilm.fr\/es\/wp-json\/wp\/v2\/pages"}],"about":[{"href":"https:\/\/www.tribofilm.fr\/es\/wp-json\/wp\/v2\/types\/page"}],"author":[{"embeddable":true,"href":"https:\/\/www.tribofilm.fr\/es\/wp-json\/wp\/v2\/users\/11"}],"replies":[{"embeddable":true,"href":"https:\/\/www.tribofilm.fr\/es\/wp-json\/wp\/v2\/comments?post=2501"}],"version-history":[{"count":8,"href":"https:\/\/www.tribofilm.fr\/es\/wp-json\/wp\/v2\/pages\/2501\/revisions"}],"predecessor-version":[{"id":19635,"href":"https:\/\/www.tribofilm.fr\/es\/wp-json\/wp\/v2\/pages\/2501\/revisions\/19635"}],"up":[{"embeddable":true,"href":"https:\/\/www.tribofilm.fr\/es\/wp-json\/wp\/v2\/pages\/3093"}],"wp:featuredmedia":[{"embeddable":true,"href":"https:\/\/www.tribofilm.fr\/es\/wp-json\/wp\/v2\/media\/10265"}],"wp:attachment":[{"href":"https:\/\/www.tribofilm.fr\/es\/wp-json\/wp\/v2\/media?parent=2501"}],"curies":[{"name":"wp","href":"https:\/\/api.w.org\/{rel}","templated":true}]}}