{"id":932,"date":"2014-05-30T10:35:05","date_gmt":"2014-05-30T09:35:05","guid":{"rendered":"http:\/\/www.tribofilm.ovh\/?page_id=932"},"modified":"2025-10-09T10:33:50","modified_gmt":"2025-10-09T09:33:50","slug":"formation","status":"publish","type":"page","link":"https:\/\/www.tribofilm.fr\/es\/servicios\/formation\/","title":{"rendered":"Formaci\u00f3n"},"content":{"rendered":"<div class=\"wpb-content-wrapper\"><p>[vc_row][vc_column][vc_empty_space][\/vc_column][\/vc_row][vc_row][vc_column][vc_column_text]<\/p>\n<h2>LA FORMACI\u00d3N DE LOS USUARIOS DE MAINTI4<\/h2>\n<p>&nbsp;<\/p>\n<p>A trav\u00e9s de su actividad de formaci\u00f3n, TRIBOFILM transmite a su personal las habilidades esenciales para el correcto uso de sus programas, que evolucionan constantemente, especialmente con las nuevas funciones web y m\u00f3viles.<\/p>\n<p>Ya sea una empresa privada o una entidad p\u00fablica, necesita profundizar sus conocimientos. Para satisfacer siempre sus expectativas, nuestro equipo de educadores pone a su disposici\u00f3n su experiencia para guiarle a trav\u00e9s de la formaci\u00f3n y\/o el asesoramiento en beneficio de su desarrollo.[\/vc_column_text][\/vc_column][\/vc_row][vc_row css=\u00bb.vc_custom_1688647348003{margin-top: 60px !important;margin-bottom: 60px !important;}\u00bb][vc_column][vc_column_text]El equipo de formaci\u00f3n est\u00e1 a su disposici\u00f3n para ayudarle en sus elecciones y procedimientos. No dude en contactarnos para responder a todas sus preguntas.<\/p>\n<h3 style=\"text-align: center;\">Solicite el cat\u00e1logo de cursos que se adapten a su perfil de usuario:<\/h3>\n<p>[\/vc_column_text][vc_btn title=\u00bbSolicitud de cat\u00e1logo de formaci\u00f3n\u00bb style=\u00bbcustom\u00bb custom_background=\u00bb#31b8ec\u00bb custom_text=\u00bb#ffffff\u00bb align=\u00bbcenter\u00bb i_align=\u00bbright\u00bb i_icon_fontawesome=\u00bbfas fa-angle-right\u00bb css_animation=\u00bbnone\u00bb add_icon=\u00bbtrue\u00bb link=\u00bburl:https%3A%2F%2Fwww.tribofilm.fr%2Fes%2Fcontactenos%2F\u00bb][\/vc_column][\/vc_row][vc_row][vc_column width=\u00bb2\/3&#8243;][vc_single_image image=\u00bb18316&#8243; alignment=\u00bbcenter\u00bb][vc_column_text]De 1024 estudiantes en 2022, <strong>la calificaci\u00f3n promedio de nuestros cursos subvencionados es de 9.3\/10<\/strong>.<\/p>\n<p>Nos esforzamos por mejorar en cada presentaci\u00f3n para ofrecer el mejor servicio a nuestros clientes. Una persona bien formada es un usuario satisfecho y aut\u00f3nomo en su vida diaria.[\/vc_column_text][\/vc_column][vc_column width=\u00bb1\/3&#8243;][vc_single_image image=\u00bb14936&#8243; alignment=\u00bbcenter\u00bb][vc_column_text]<span data-contrast=\"none\">Para cualquier situaci\u00f3n de discapacidad, por favor cont\u00e1ctenos para analizar la viabilidad.<\/span><span data-ccp-props=\"{&quot;134233118&quot;:false,&quot;201341983&quot;:0,&quot;335559739&quot;:0,&quot;335559740&quot;:259}\">\u00a0<\/span><\/p>\n<p><span data-ccp-props=\"{&quot;201341983&quot;:0,&quot;335559739&quot;:160,&quot;335559740&quot;:259}\">\u00a0<\/span>[\/vc_column_text][\/vc_column][\/vc_row][vc_row full_width=\u00bbstretch_row\u00bb css=\u00bb.vc_custom_1687937125265{background-color: #eeeeee !important;}\u00bb el_class=\u00bbdouble-fond-gris pictos-fond-gris\u00bb][vc_column][vc_column_text]<\/p>\n<h2 style=\"text-align: center;\">La formaci\u00f3n es esencial para el \u00e9xito de su proyecto:<\/h2>\n<p>[\/vc_column_text][vc_row_inner gap=\u00bb35&#8243; el_class=\u00bbcolonne-3-reassurance\u00bb][vc_column_inner width=\u00bb1\/3&#8243;][vc_single_image image=\u00bb18838&#8243; img_size=\u00bblarge\u00bb alignment=\u00bbcenter\u00bb css=\u00bb.vc_custom_1695721136434{margin-bottom: 10px !important;}\u00bb][vc_column_text css=\u00bb.vc_custom_1698305222705{margin-bottom: 10px !important;}\u00bb]<\/p>\n<h3 style=\"text-align: center;\">Apret\u00f3n de manos<br \/>\nf\u00e1cil y r\u00e1pido<\/h3>\n<p>[\/vc_column_text][\/vc_column_inner][vc_column_inner width=\u00bb1\/3&#8243;][vc_single_image image=\u00bb18841&#8243; img_size=\u00bblarge\u00bb alignment=\u00bbcenter\u00bb css=\u00bb.vc_custom_1695721155811{margin-bottom: 10px !important;}\u00bb][vc_column_text css=\u00bb.vc_custom_1698305239184{margin-bottom: 10px !important;}\u00bb]<\/p>\n<h3 style=\"text-align: center;\">Afiliaci\u00f3n usuarios<\/h3>\n<p>[\/vc_column_text][\/vc_column_inner][vc_column_inner width=\u00bb1\/3&#8243;][vc_single_image image=\u00bb18844&#8243; img_size=\u00bblarge\u00bb alignment=\u00bbcenter\u00bb css=\u00bb.vc_custom_1695721182819{margin-bottom: 10px !important;}\u00bb][vc_column_text css=\u00bb.vc_custom_1698305253952{margin-bottom: 10px !important;}\u00bb]<\/p>\n<h3 style=\"text-align: center;\">Consejos y experiencias<br \/>\ndel entrenador<\/h3>\n<p>[\/vc_column_text][\/vc_column_inner][\/vc_row_inner][\/vc_column][\/vc_row][vc_row css=\u00bb.vc_custom_1688561198742{margin-top: 80px !important;margin-bottom: 50px !important;}\u00bb][vc_column][vc_column_text]<div class=\"strong-view strong-view-id-3 default wpmtst-default slider-container slider-mode-fade slider-adaptive controls-type-sides controls-style-buttons\" data-count=\"0\" data-slider-var=\"strong_slider_id_3\" data-state=\"idle\"><div class=\"strong-content wpmslider-content\"><\/div><\/div>[\/vc_column_text][\/vc_column][\/vc_row]<\/p>\n<\/div>","protected":false},"excerpt":{"rendered":"<p>[vc_row][vc_column][vc_empty_space][\/vc_column][\/vc_row][vc_row][vc_column][vc_column_text] LA FORMACI\u00d3N DE LOS USUARIOS DE MAINTI4 &nbsp; A trav\u00e9s de su actividad de formaci\u00f3n, TRIBOFILM transmite a su personal las habilidades esenciales para el correcto uso de sus programas, que evolucionan constantemente, especialmente con las nuevas funciones web y m\u00f3viles. Ya sea una empresa privada o una entidad p\u00fablica, necesita profundizar sus conocimientos. [&hellip;]<\/p>\n","protected":false},"author":11,"featured_media":9185,"parent":3093,"menu_order":2,"comment_status":"closed","ping_status":"closed","template":"","meta":{"_acf_changed":false,"footnotes":""},"class_list":["post-932","page","type-page","status-publish","has-post-thumbnail","hentry"],"acf":[],"yoast_head":"<!-- This site is optimized with the Yoast SEO plugin v27.3 - https:\/\/yoast.com\/product\/yoast-seo-wordpress\/ -->\n<title>Servicio de formaci\u00f3n CMMS<\/title>\n<meta name=\"description\" content=\"Para garantizar que los usuarios del software CMMS puedan aprovechar todas sus funciones, TRIBOFILM ofrece capacitaci\u00f3n. Consulte el programa.\" \/>\n<meta name=\"robots\" content=\"index, follow, max-snippet:-1, max-image-preview:large, max-video-preview:-1\" \/>\n<link rel=\"canonical\" href=\"https:\/\/www.tribofilm.fr\/es\/servicios\/formation\/\" \/>\n<meta property=\"og:locale\" content=\"es_ES\" \/>\n<meta property=\"og:type\" content=\"article\" \/>\n<meta property=\"og:title\" content=\"Servicio de formaci\u00f3n CMMS\" \/>\n<meta property=\"og:description\" content=\"Para garantizar que los usuarios del software CMMS puedan aprovechar todas sus funciones, TRIBOFILM ofrece capacitaci\u00f3n. Consulte el programa.\" \/>\n<meta property=\"og:url\" content=\"https:\/\/www.tribofilm.fr\/es\/servicios\/formation\/\" \/>\n<meta property=\"og:site_name\" content=\"Tribofilm\" \/>\n<meta property=\"article:publisher\" content=\"https:\/\/www.facebook.com\/tribofilm\/\" \/>\n<meta property=\"article:modified_time\" content=\"2025-10-09T09:33:50+00:00\" \/>\n<meta property=\"og:image\" content=\"https:\/\/www.tribofilm.fr\/VLnXeJXrfkVw4\/uploads\/2018\/06\/formation.png\" \/>\n\t<meta property=\"og:image:width\" content=\"2048\" \/>\n\t<meta property=\"og:image:height\" content=\"647\" \/>\n\t<meta property=\"og:image:type\" content=\"image\/png\" \/>\n<meta name=\"twitter:card\" content=\"summary_large_image\" \/>\n<meta name=\"twitter:site\" content=\"@TRIBOFILM\" \/>\n<meta name=\"twitter:label1\" content=\"Tiempo de lectura\" \/>\n\t<meta name=\"twitter:data1\" content=\"2 minutos\" \/>\n<script type=\"application\/ld+json\" class=\"yoast-schema-graph\">{\"@context\":\"https:\\\/\\\/schema.org\",\"@graph\":[{\"@type\":\"WebPage\",\"@id\":\"https:\\\/\\\/www.tribofilm.fr\\\/es\\\/servicios\\\/formation\\\/\",\"url\":\"https:\\\/\\\/www.tribofilm.fr\\\/es\\\/servicios\\\/formation\\\/\",\"name\":\"Servicio de formaci\u00f3n CMMS\",\"isPartOf\":{\"@id\":\"https:\\\/\\\/www.tribofilm.fr\\\/es\\\/#website\"},\"primaryImageOfPage\":{\"@id\":\"https:\\\/\\\/www.tribofilm.fr\\\/es\\\/servicios\\\/formation\\\/#primaryimage\"},\"image\":{\"@id\":\"https:\\\/\\\/www.tribofilm.fr\\\/es\\\/servicios\\\/formation\\\/#primaryimage\"},\"thumbnailUrl\":\"https:\\\/\\\/www.tribofilm.fr\\\/VLnXeJXrfkVw4\\\/uploads\\\/2018\\\/06\\\/formation.png\",\"datePublished\":\"2014-05-30T09:35:05+00:00\",\"dateModified\":\"2025-10-09T09:33:50+00:00\",\"description\":\"Para garantizar que los usuarios del software CMMS puedan aprovechar todas sus funciones, TRIBOFILM ofrece capacitaci\u00f3n. Consulte el programa.\",\"breadcrumb\":{\"@id\":\"https:\\\/\\\/www.tribofilm.fr\\\/es\\\/servicios\\\/formation\\\/#breadcrumb\"},\"inLanguage\":\"es\",\"potentialAction\":[{\"@type\":\"ReadAction\",\"target\":[\"https:\\\/\\\/www.tribofilm.fr\\\/es\\\/servicios\\\/formation\\\/\"]}]},{\"@type\":\"ImageObject\",\"inLanguage\":\"es\",\"@id\":\"https:\\\/\\\/www.tribofilm.fr\\\/es\\\/servicios\\\/formation\\\/#primaryimage\",\"url\":\"https:\\\/\\\/www.tribofilm.fr\\\/VLnXeJXrfkVw4\\\/uploads\\\/2018\\\/06\\\/formation.png\",\"contentUrl\":\"https:\\\/\\\/www.tribofilm.fr\\\/VLnXeJXrfkVw4\\\/uploads\\\/2018\\\/06\\\/formation.png\",\"width\":2048,\"height\":647,\"caption\":\"formation-gmao-mainti-4\"},{\"@type\":\"BreadcrumbList\",\"@id\":\"https:\\\/\\\/www.tribofilm.fr\\\/es\\\/servicios\\\/formation\\\/#breadcrumb\",\"itemListElement\":[{\"@type\":\"ListItem\",\"position\":1,\"name\":\"Accueil\",\"item\":\"https:\\\/\\\/www.tribofilm.fr\\\/es\\\/\"},{\"@type\":\"ListItem\",\"position\":2,\"name\":\"Servicios\",\"item\":\"https:\\\/\\\/www.tribofilm.fr\\\/es\\\/servicios\\\/\"},{\"@type\":\"ListItem\",\"position\":3,\"name\":\"Formaci\u00f3n\"}]},{\"@type\":\"WebSite\",\"@id\":\"https:\\\/\\\/www.tribofilm.fr\\\/es\\\/#website\",\"url\":\"https:\\\/\\\/www.tribofilm.fr\\\/es\\\/\",\"name\":\"Tribofilm\",\"description\":\"\",\"publisher\":{\"@id\":\"https:\\\/\\\/www.tribofilm.fr\\\/es\\\/#organization\"},\"potentialAction\":[{\"@type\":\"SearchAction\",\"target\":{\"@type\":\"EntryPoint\",\"urlTemplate\":\"https:\\\/\\\/www.tribofilm.fr\\\/es\\\/?s={search_term_string}\"},\"query-input\":{\"@type\":\"PropertyValueSpecification\",\"valueRequired\":true,\"valueName\":\"search_term_string\"}}],\"inLanguage\":\"es\"},{\"@type\":\"Organization\",\"@id\":\"https:\\\/\\\/www.tribofilm.fr\\\/es\\\/#organization\",\"name\":\"Tribofilm\",\"url\":\"https:\\\/\\\/www.tribofilm.fr\\\/es\\\/\",\"logo\":{\"@type\":\"ImageObject\",\"inLanguage\":\"es\",\"@id\":\"https:\\\/\\\/www.tribofilm.fr\\\/es\\\/#\\\/schema\\\/logo\\\/image\\\/\",\"url\":\"https:\\\/\\\/www.tribofilm.fr\\\/VLnXeJXrfkVw4\\\/uploads\\\/2017\\\/12\\\/tribofilm-industries-editeur-de-logiciels-pour-l-industrie-000353999-product_zoom.jpg\",\"contentUrl\":\"https:\\\/\\\/www.tribofilm.fr\\\/VLnXeJXrfkVw4\\\/uploads\\\/2017\\\/12\\\/tribofilm-industries-editeur-de-logiciels-pour-l-industrie-000353999-product_zoom.jpg\",\"width\":640,\"height\":480,\"caption\":\"Tribofilm\"},\"image\":{\"@id\":\"https:\\\/\\\/www.tribofilm.fr\\\/es\\\/#\\\/schema\\\/logo\\\/image\\\/\"},\"sameAs\":[\"https:\\\/\\\/www.facebook.com\\\/tribofilm\\\/\",\"https:\\\/\\\/x.com\\\/TRIBOFILM\",\"https:\\\/\\\/www.linkedin.com\\\/company\\\/tribofilm-industries\\\/?trk=biz-companies-cym\"]}]}<\/script>\n<!-- \/ Yoast SEO plugin. -->","yoast_head_json":{"title":"Servicio de formaci\u00f3n CMMS","description":"Para garantizar que los usuarios del software CMMS puedan aprovechar todas sus funciones, TRIBOFILM ofrece capacitaci\u00f3n. Consulte el programa.","robots":{"index":"index","follow":"follow","max-snippet":"max-snippet:-1","max-image-preview":"max-image-preview:large","max-video-preview":"max-video-preview:-1"},"canonical":"https:\/\/www.tribofilm.fr\/es\/servicios\/formation\/","og_locale":"es_ES","og_type":"article","og_title":"Servicio de formaci\u00f3n CMMS","og_description":"Para garantizar que los usuarios del software CMMS puedan aprovechar todas sus funciones, TRIBOFILM ofrece capacitaci\u00f3n. Consulte el programa.","og_url":"https:\/\/www.tribofilm.fr\/es\/servicios\/formation\/","og_site_name":"Tribofilm","article_publisher":"https:\/\/www.facebook.com\/tribofilm\/","article_modified_time":"2025-10-09T09:33:50+00:00","og_image":[{"width":2048,"height":647,"url":"https:\/\/www.tribofilm.fr\/VLnXeJXrfkVw4\/uploads\/2018\/06\/formation.png","type":"image\/png"}],"twitter_card":"summary_large_image","twitter_site":"@TRIBOFILM","twitter_misc":{"Tiempo de lectura":"2 minutos"},"schema":{"@context":"https:\/\/schema.org","@graph":[{"@type":"WebPage","@id":"https:\/\/www.tribofilm.fr\/es\/servicios\/formation\/","url":"https:\/\/www.tribofilm.fr\/es\/servicios\/formation\/","name":"Servicio de formaci\u00f3n CMMS","isPartOf":{"@id":"https:\/\/www.tribofilm.fr\/es\/#website"},"primaryImageOfPage":{"@id":"https:\/\/www.tribofilm.fr\/es\/servicios\/formation\/#primaryimage"},"image":{"@id":"https:\/\/www.tribofilm.fr\/es\/servicios\/formation\/#primaryimage"},"thumbnailUrl":"https:\/\/www.tribofilm.fr\/VLnXeJXrfkVw4\/uploads\/2018\/06\/formation.png","datePublished":"2014-05-30T09:35:05+00:00","dateModified":"2025-10-09T09:33:50+00:00","description":"Para garantizar que los usuarios del software CMMS puedan aprovechar todas sus funciones, TRIBOFILM ofrece capacitaci\u00f3n. Consulte el programa.","breadcrumb":{"@id":"https:\/\/www.tribofilm.fr\/es\/servicios\/formation\/#breadcrumb"},"inLanguage":"es","potentialAction":[{"@type":"ReadAction","target":["https:\/\/www.tribofilm.fr\/es\/servicios\/formation\/"]}]},{"@type":"ImageObject","inLanguage":"es","@id":"https:\/\/www.tribofilm.fr\/es\/servicios\/formation\/#primaryimage","url":"https:\/\/www.tribofilm.fr\/VLnXeJXrfkVw4\/uploads\/2018\/06\/formation.png","contentUrl":"https:\/\/www.tribofilm.fr\/VLnXeJXrfkVw4\/uploads\/2018\/06\/formation.png","width":2048,"height":647,"caption":"formation-gmao-mainti-4"},{"@type":"BreadcrumbList","@id":"https:\/\/www.tribofilm.fr\/es\/servicios\/formation\/#breadcrumb","itemListElement":[{"@type":"ListItem","position":1,"name":"Accueil","item":"https:\/\/www.tribofilm.fr\/es\/"},{"@type":"ListItem","position":2,"name":"Servicios","item":"https:\/\/www.tribofilm.fr\/es\/servicios\/"},{"@type":"ListItem","position":3,"name":"Formaci\u00f3n"}]},{"@type":"WebSite","@id":"https:\/\/www.tribofilm.fr\/es\/#website","url":"https:\/\/www.tribofilm.fr\/es\/","name":"Tribofilm","description":"","publisher":{"@id":"https:\/\/www.tribofilm.fr\/es\/#organization"},"potentialAction":[{"@type":"SearchAction","target":{"@type":"EntryPoint","urlTemplate":"https:\/\/www.tribofilm.fr\/es\/?s={search_term_string}"},"query-input":{"@type":"PropertyValueSpecification","valueRequired":true,"valueName":"search_term_string"}}],"inLanguage":"es"},{"@type":"Organization","@id":"https:\/\/www.tribofilm.fr\/es\/#organization","name":"Tribofilm","url":"https:\/\/www.tribofilm.fr\/es\/","logo":{"@type":"ImageObject","inLanguage":"es","@id":"https:\/\/www.tribofilm.fr\/es\/#\/schema\/logo\/image\/","url":"https:\/\/www.tribofilm.fr\/VLnXeJXrfkVw4\/uploads\/2017\/12\/tribofilm-industries-editeur-de-logiciels-pour-l-industrie-000353999-product_zoom.jpg","contentUrl":"https:\/\/www.tribofilm.fr\/VLnXeJXrfkVw4\/uploads\/2017\/12\/tribofilm-industries-editeur-de-logiciels-pour-l-industrie-000353999-product_zoom.jpg","width":640,"height":480,"caption":"Tribofilm"},"image":{"@id":"https:\/\/www.tribofilm.fr\/es\/#\/schema\/logo\/image\/"},"sameAs":["https:\/\/www.facebook.com\/tribofilm\/","https:\/\/x.com\/TRIBOFILM","https:\/\/www.linkedin.com\/company\/tribofilm-industries\/?trk=biz-companies-cym"]}]}},"_links":{"self":[{"href":"https:\/\/www.tribofilm.fr\/es\/wp-json\/wp\/v2\/pages\/932","targetHints":{"allow":["GET"]}}],"collection":[{"href":"https:\/\/www.tribofilm.fr\/es\/wp-json\/wp\/v2\/pages"}],"about":[{"href":"https:\/\/www.tribofilm.fr\/es\/wp-json\/wp\/v2\/types\/page"}],"author":[{"embeddable":true,"href":"https:\/\/www.tribofilm.fr\/es\/wp-json\/wp\/v2\/users\/11"}],"replies":[{"embeddable":true,"href":"https:\/\/www.tribofilm.fr\/es\/wp-json\/wp\/v2\/comments?post=932"}],"version-history":[{"count":11,"href":"https:\/\/www.tribofilm.fr\/es\/wp-json\/wp\/v2\/pages\/932\/revisions"}],"predecessor-version":[{"id":19637,"href":"https:\/\/www.tribofilm.fr\/es\/wp-json\/wp\/v2\/pages\/932\/revisions\/19637"}],"up":[{"embeddable":true,"href":"https:\/\/www.tribofilm.fr\/es\/wp-json\/wp\/v2\/pages\/3093"}],"wp:featuredmedia":[{"embeddable":true,"href":"https:\/\/www.tribofilm.fr\/es\/wp-json\/wp\/v2\/media\/9185"}],"wp:attachment":[{"href":"https:\/\/www.tribofilm.fr\/es\/wp-json\/wp\/v2\/media?parent=932"}],"curies":[{"name":"wp","href":"https:\/\/api.w.org\/{rel}","templated":true}]}}