{"id":944,"date":"2014-05-30T10:33:52","date_gmt":"2014-05-30T09:33:52","guid":{"rendered":"http:\/\/www.tribofilm.ovh\/?page_id=944"},"modified":"2025-10-09T10:37:15","modified_gmt":"2025-10-09T09:37:15","slug":"materiels","status":"publish","type":"page","link":"https:\/\/www.tribofilm.fr\/es\/servicios\/materiels\/","title":{"rendered":"MATERIALES"},"content":{"rendered":"<div class=\"wpb-content-wrapper\"><p>[vc_row css=\u00bb.vc_custom_1687878672519{margin-top: 40px !important;}\u00bb][vc_column][vc_column_text css_animation=\u00bbnone\u00bb]<\/p>\n<h2 style=\"text-align: center;\">UNA AMPLIA GAMA DE SOLUCIONES DE IDENTIFICACI\u00d3N AUTOM\u00c1TICA<\/h2>\n<p>&nbsp;<\/p>\n<p style=\"text-align: center;\">TRIBOFILM ofrece una amplia gama de soluciones de identificaci\u00f3n autom\u00e1tica.<\/p>\n<p>&nbsp;<\/p>\n<p>[\/vc_column_text][\/vc_column][\/vc_row][vc_row css=\u00bb.vc_custom_1687878672519{margin-top: 40px !important;}\u00bb][vc_column width=\u00bb1\/3&#8243;][vc_empty_space height=\u00bb20px\u00bb][vc_single_image image=\u00bb18912&#8243; img_size=\u00bbmedium\u00bb alignment=\u00bbcenter\u00bb][vc_empty_space height=\u00bb20px\u00bb][vc_column_text]<\/p>\n<h3 style=\"text-align: center;\">Terminales de lectura de c\u00f3digos de barras endurecidos<\/h3>\n<p>Terminales con lector de c\u00f3digos de barras endurecidos, especialmente dise\u00f1ados por el sector industrial.<\/p>\n<p>Con pozos de volcado por el tratamiento por lote, Wifi o ademas 5G \/ 4G para los redes sin conexi\u00f3n o GPRS para los t\u00e9cnicos que son de desplazamiento, los terminales Zebra\/ Motoral\/Symbol se adaptan en todas las situaciones.<\/p>\n<p>Realiza las entradas y\u00a0las salidas\u00a0de existencias de\u00a0su inventario,\u00a0sino tambi\u00e9n\u00a0el seguimiento de su\u00a0preventiva y curativa\u00a0\u2026[\/vc_column_text][\/vc_column][vc_column width=\u00bb1\/3&#8243;][vc_empty_space height=\u00bb35px\u00bb][vc_single_image image=\u00bb18916&#8243; img_size=\u00bb300&#215;300&#8243; alignment=\u00bbcenter\u00bb][vc_column_text]<\/p>\n<h3 style=\"text-align: center;\">Tabletas t\u00e1ctil\u00a0endurecidas<\/h3>\n<p>Ideal para profesionales de\u00a0terreno, especialmente recomendada\u00a0para su uso en condiciones extremas, las tabletas endurecidas permiten un procesamiento r\u00e1pido y multi-tarea, y adecuado para una amplia variedad de aplicaciones.<\/p>\n<p>Realiza informes de su cuenta los ajustes, los controles preventivos, stock de inventario, el inventario de muebles \u2026[\/vc_column_text][\/vc_column][vc_column width=\u00bb1\/3&#8243;][vc_empty_space][vc_empty_space height=\u00bb20px\u00bb][vc_single_image image=\u00bb17794&#8243; img_size=\u00bbfull\u00bb alignment=\u00bbcenter\u00bb][vc_empty_space][vc_empty_space][vc_empty_space][vc_empty_space height=\u00bb42px\u00bb][vc_column_text]<\/p>\n<h3 style=\"text-align: center;\">Esc\u00e1ner portat\u00edl de lectura de c\u00f3digos de barras<\/h3>\n<p style=\"text-align: justify;\">Con o sin cable los lectores esc\u00e1ner portat\u00edl ofrecen un otro modo de leer los c\u00f3digos de barras, de facilitar la entrada de informaciones y as\u00ed limitar los riesgos de errores.<\/p>\n<h4><\/h4>\n<p>[\/vc_column_text][\/vc_column][\/vc_row][vc_row css=\u00bb.vc_custom_1687878672519{margin-top: 40px !important;}\u00bb][vc_column width=\u00bb1\/3&#8243;][vc_single_image image=\u00bb2089&#8243; alignment=\u00bbcenter\u00bb][vc_empty_space][vc_column_text]<\/p>\n<h3 style=\"text-align: center;\">Impresora con transferencia t\u00e9rmica<\/h3>\n<p style=\"text-align: justify;\">Ideal para editar etiquetas de c\u00f3digos de barras, las impresoras con transferencia t\u00e9rmica permiten realizar etiquetas resistentes y legibles, personalizables a voluntad.<\/p>\n<h4><\/h4>\n<p>[\/vc_column_text][\/vc_column][vc_column width=\u00bb1\/3&#8243;][vc_single_image image=\u00bb2087&#8243; img_size=\u00bbmedium\u00bb alignment=\u00bbcenter\u00bb][vc_column_text]<\/p>\n<h3 style=\"text-align: center;\">Etiquetas con c\u00f3digos de barras<\/h3>\n<p><strong>TRIBOFILM<\/strong> dispone de cada tipo de etiquetas y toma en cuenta obligaciones y el entorno.[\/vc_column_text][\/vc_column][vc_column width=\u00bb1\/3&#8243;][vc_single_image image=\u00bb7527&#8243; alignment=\u00bbcenter\u00bb][vc_empty_space][vc_column_text]<\/p>\n<h3 style=\"text-align: center;\">Tags RFid<\/h3>\n<p style=\"text-align: justify;\">Ideales por los entornos hostiles, los tags RFid representan la soluci\u00f3n perfecta para identificar vuestros equipamientos as\u00ed como la trazabilidad de las intervenciones.<\/p>\n<p>&nbsp;<\/p>\n<p>&nbsp;<\/p>\n<h4><\/h4>\n<p>[\/vc_column_text][\/vc_column][\/vc_row]<\/p>\n<\/div>","protected":false},"excerpt":{"rendered":"<p>[vc_row css=\u00bb.vc_custom_1687878672519{margin-top: 40px !important;}\u00bb][vc_column][vc_column_text css_animation=\u00bbnone\u00bb] UNA AMPLIA GAMA DE SOLUCIONES DE IDENTIFICACI\u00d3N AUTOM\u00c1TICA &nbsp; TRIBOFILM ofrece una amplia gama de soluciones de identificaci\u00f3n autom\u00e1tica. &nbsp; [\/vc_column_text][\/vc_column][\/vc_row][vc_row css=\u00bb.vc_custom_1687878672519{margin-top: 40px !important;}\u00bb][vc_column width=\u00bb1\/3&#8243;][vc_empty_space height=\u00bb20px\u00bb][vc_single_image image=\u00bb18912&#8243; img_size=\u00bbmedium\u00bb alignment=\u00bbcenter\u00bb][vc_empty_space height=\u00bb20px\u00bb][vc_column_text] Terminales de lectura de c\u00f3digos de barras endurecidos Terminales con lector de c\u00f3digos de barras endurecidos, especialmente dise\u00f1ados por el [&hellip;]<\/p>\n","protected":false},"author":11,"featured_media":10274,"parent":3093,"menu_order":5,"comment_status":"closed","ping_status":"closed","template":"","meta":{"_acf_changed":false,"footnotes":""},"class_list":["post-944","page","type-page","status-publish","has-post-thumbnail","hentry"],"acf":[],"yoast_head":"<!-- This site is optimized with the Yoast SEO plugin v27.4 - https:\/\/yoast.com\/product\/yoast-seo-wordpress\/ -->\n<title>Todo el equipamiento GMAO para su soluci\u00f3n GMAO | TRIBOFILM GMAO<\/title>\n<meta name=\"description\" content=\"Hardware CMMS: Elija entre la amplia gama de soluciones de identificaci\u00f3n autom\u00e1tica: tabletas robustas, lectura de c\u00f3digos de barras, esc\u00e1neres port\u00e1tiles, impresoras t\u00e9rmicas, RFID\" \/>\n<meta name=\"robots\" content=\"index, follow, max-snippet:-1, max-image-preview:large, max-video-preview:-1\" \/>\n<link rel=\"canonical\" href=\"https:\/\/www.tribofilm.fr\/es\/servicios\/materiels\/\" \/>\n<meta property=\"og:locale\" content=\"es_ES\" \/>\n<meta property=\"og:type\" content=\"article\" \/>\n<meta property=\"og:title\" content=\"Todo el equipamiento GMAO para su soluci\u00f3n GMAO | TRIBOFILM GMAO\" \/>\n<meta property=\"og:description\" content=\"Hardware CMMS: Elija entre la amplia gama de soluciones de identificaci\u00f3n autom\u00e1tica: tabletas robustas, lectura de c\u00f3digos de barras, esc\u00e1neres port\u00e1tiles, impresoras t\u00e9rmicas, RFID\" \/>\n<meta property=\"og:url\" content=\"https:\/\/www.tribofilm.fr\/es\/servicios\/materiels\/\" \/>\n<meta property=\"og:site_name\" content=\"Tribofilm\" \/>\n<meta property=\"article:publisher\" content=\"https:\/\/www.facebook.com\/tribofilm\/\" \/>\n<meta property=\"article:modified_time\" content=\"2025-10-09T09:37:15+00:00\" \/>\n<meta property=\"og:image\" content=\"https:\/\/www.tribofilm.fr\/VLnXeJXrfkVw4\/uploads\/2018\/10\/bandeau-materiel-gmao-1.png\" \/>\n\t<meta property=\"og:image:width\" content=\"2048\" \/>\n\t<meta property=\"og:image:height\" content=\"424\" \/>\n\t<meta property=\"og:image:type\" content=\"image\/png\" \/>\n<meta name=\"twitter:card\" content=\"summary_large_image\" \/>\n<meta name=\"twitter:site\" content=\"@TRIBOFILM\" \/>\n<meta name=\"twitter:label1\" content=\"Tiempo de lectura\" \/>\n\t<meta name=\"twitter:data1\" content=\"2 minutos\" \/>\n<script type=\"application\/ld+json\" class=\"yoast-schema-graph\">{\"@context\":\"https:\\\/\\\/schema.org\",\"@graph\":[{\"@type\":\"WebPage\",\"@id\":\"https:\\\/\\\/www.tribofilm.fr\\\/es\\\/servicios\\\/materiels\\\/\",\"url\":\"https:\\\/\\\/www.tribofilm.fr\\\/es\\\/servicios\\\/materiels\\\/\",\"name\":\"Todo el equipamiento GMAO para su soluci\u00f3n GMAO | TRIBOFILM GMAO\",\"isPartOf\":{\"@id\":\"https:\\\/\\\/www.tribofilm.fr\\\/es\\\/#website\"},\"primaryImageOfPage\":{\"@id\":\"https:\\\/\\\/www.tribofilm.fr\\\/es\\\/servicios\\\/materiels\\\/#primaryimage\"},\"image\":{\"@id\":\"https:\\\/\\\/www.tribofilm.fr\\\/es\\\/servicios\\\/materiels\\\/#primaryimage\"},\"thumbnailUrl\":\"https:\\\/\\\/www.tribofilm.fr\\\/VLnXeJXrfkVw4\\\/uploads\\\/2018\\\/10\\\/bandeau-materiel-gmao-1.png\",\"datePublished\":\"2014-05-30T09:33:52+00:00\",\"dateModified\":\"2025-10-09T09:37:15+00:00\",\"description\":\"Hardware CMMS: Elija entre la amplia gama de soluciones de identificaci\u00f3n autom\u00e1tica: tabletas robustas, lectura de c\u00f3digos de barras, esc\u00e1neres port\u00e1tiles, impresoras t\u00e9rmicas, RFID\",\"breadcrumb\":{\"@id\":\"https:\\\/\\\/www.tribofilm.fr\\\/es\\\/servicios\\\/materiels\\\/#breadcrumb\"},\"inLanguage\":\"es\",\"potentialAction\":[{\"@type\":\"ReadAction\",\"target\":[\"https:\\\/\\\/www.tribofilm.fr\\\/es\\\/servicios\\\/materiels\\\/\"]}]},{\"@type\":\"ImageObject\",\"inLanguage\":\"es\",\"@id\":\"https:\\\/\\\/www.tribofilm.fr\\\/es\\\/servicios\\\/materiels\\\/#primaryimage\",\"url\":\"https:\\\/\\\/www.tribofilm.fr\\\/VLnXeJXrfkVw4\\\/uploads\\\/2018\\\/10\\\/bandeau-materiel-gmao-1.png\",\"contentUrl\":\"https:\\\/\\\/www.tribofilm.fr\\\/VLnXeJXrfkVw4\\\/uploads\\\/2018\\\/10\\\/bandeau-materiel-gmao-1.png\",\"width\":2048,\"height\":424,\"caption\":\"materiel-gmao\"},{\"@type\":\"BreadcrumbList\",\"@id\":\"https:\\\/\\\/www.tribofilm.fr\\\/es\\\/servicios\\\/materiels\\\/#breadcrumb\",\"itemListElement\":[{\"@type\":\"ListItem\",\"position\":1,\"name\":\"Accueil\",\"item\":\"https:\\\/\\\/www.tribofilm.fr\\\/es\\\/\"},{\"@type\":\"ListItem\",\"position\":2,\"name\":\"Servicios\",\"item\":\"https:\\\/\\\/www.tribofilm.fr\\\/es\\\/servicios\\\/\"},{\"@type\":\"ListItem\",\"position\":3,\"name\":\"MATERIALES\"}]},{\"@type\":\"WebSite\",\"@id\":\"https:\\\/\\\/www.tribofilm.fr\\\/es\\\/#website\",\"url\":\"https:\\\/\\\/www.tribofilm.fr\\\/es\\\/\",\"name\":\"Tribofilm\",\"description\":\"\",\"publisher\":{\"@id\":\"https:\\\/\\\/www.tribofilm.fr\\\/es\\\/#organization\"},\"potentialAction\":[{\"@type\":\"SearchAction\",\"target\":{\"@type\":\"EntryPoint\",\"urlTemplate\":\"https:\\\/\\\/www.tribofilm.fr\\\/es\\\/?s={search_term_string}\"},\"query-input\":{\"@type\":\"PropertyValueSpecification\",\"valueRequired\":true,\"valueName\":\"search_term_string\"}}],\"inLanguage\":\"es\"},{\"@type\":\"Organization\",\"@id\":\"https:\\\/\\\/www.tribofilm.fr\\\/es\\\/#organization\",\"name\":\"Tribofilm\",\"url\":\"https:\\\/\\\/www.tribofilm.fr\\\/es\\\/\",\"logo\":{\"@type\":\"ImageObject\",\"inLanguage\":\"es\",\"@id\":\"https:\\\/\\\/www.tribofilm.fr\\\/es\\\/#\\\/schema\\\/logo\\\/image\\\/\",\"url\":\"https:\\\/\\\/www.tribofilm.fr\\\/VLnXeJXrfkVw4\\\/uploads\\\/2017\\\/12\\\/tribofilm-industries-editeur-de-logiciels-pour-l-industrie-000353999-product_zoom.jpg\",\"contentUrl\":\"https:\\\/\\\/www.tribofilm.fr\\\/VLnXeJXrfkVw4\\\/uploads\\\/2017\\\/12\\\/tribofilm-industries-editeur-de-logiciels-pour-l-industrie-000353999-product_zoom.jpg\",\"width\":640,\"height\":480,\"caption\":\"Tribofilm\"},\"image\":{\"@id\":\"https:\\\/\\\/www.tribofilm.fr\\\/es\\\/#\\\/schema\\\/logo\\\/image\\\/\"},\"sameAs\":[\"https:\\\/\\\/www.facebook.com\\\/tribofilm\\\/\",\"https:\\\/\\\/x.com\\\/TRIBOFILM\",\"https:\\\/\\\/www.linkedin.com\\\/company\\\/tribofilm-industries\\\/?trk=biz-companies-cym\"]}]}<\/script>\n<!-- \/ Yoast SEO plugin. -->","yoast_head_json":{"title":"Todo el equipamiento GMAO para su soluci\u00f3n GMAO | TRIBOFILM GMAO","description":"Hardware CMMS: Elija entre la amplia gama de soluciones de identificaci\u00f3n autom\u00e1tica: tabletas robustas, lectura de c\u00f3digos de barras, esc\u00e1neres port\u00e1tiles, impresoras t\u00e9rmicas, RFID","robots":{"index":"index","follow":"follow","max-snippet":"max-snippet:-1","max-image-preview":"max-image-preview:large","max-video-preview":"max-video-preview:-1"},"canonical":"https:\/\/www.tribofilm.fr\/es\/servicios\/materiels\/","og_locale":"es_ES","og_type":"article","og_title":"Todo el equipamiento GMAO para su soluci\u00f3n GMAO | TRIBOFILM GMAO","og_description":"Hardware CMMS: Elija entre la amplia gama de soluciones de identificaci\u00f3n autom\u00e1tica: tabletas robustas, lectura de c\u00f3digos de barras, esc\u00e1neres port\u00e1tiles, impresoras t\u00e9rmicas, RFID","og_url":"https:\/\/www.tribofilm.fr\/es\/servicios\/materiels\/","og_site_name":"Tribofilm","article_publisher":"https:\/\/www.facebook.com\/tribofilm\/","article_modified_time":"2025-10-09T09:37:15+00:00","og_image":[{"width":2048,"height":424,"url":"https:\/\/www.tribofilm.fr\/VLnXeJXrfkVw4\/uploads\/2018\/10\/bandeau-materiel-gmao-1.png","type":"image\/png"}],"twitter_card":"summary_large_image","twitter_site":"@TRIBOFILM","twitter_misc":{"Tiempo de lectura":"2 minutos"},"schema":{"@context":"https:\/\/schema.org","@graph":[{"@type":"WebPage","@id":"https:\/\/www.tribofilm.fr\/es\/servicios\/materiels\/","url":"https:\/\/www.tribofilm.fr\/es\/servicios\/materiels\/","name":"Todo el equipamiento GMAO para su soluci\u00f3n GMAO | TRIBOFILM GMAO","isPartOf":{"@id":"https:\/\/www.tribofilm.fr\/es\/#website"},"primaryImageOfPage":{"@id":"https:\/\/www.tribofilm.fr\/es\/servicios\/materiels\/#primaryimage"},"image":{"@id":"https:\/\/www.tribofilm.fr\/es\/servicios\/materiels\/#primaryimage"},"thumbnailUrl":"https:\/\/www.tribofilm.fr\/VLnXeJXrfkVw4\/uploads\/2018\/10\/bandeau-materiel-gmao-1.png","datePublished":"2014-05-30T09:33:52+00:00","dateModified":"2025-10-09T09:37:15+00:00","description":"Hardware CMMS: Elija entre la amplia gama de soluciones de identificaci\u00f3n autom\u00e1tica: tabletas robustas, lectura de c\u00f3digos de barras, esc\u00e1neres port\u00e1tiles, impresoras t\u00e9rmicas, RFID","breadcrumb":{"@id":"https:\/\/www.tribofilm.fr\/es\/servicios\/materiels\/#breadcrumb"},"inLanguage":"es","potentialAction":[{"@type":"ReadAction","target":["https:\/\/www.tribofilm.fr\/es\/servicios\/materiels\/"]}]},{"@type":"ImageObject","inLanguage":"es","@id":"https:\/\/www.tribofilm.fr\/es\/servicios\/materiels\/#primaryimage","url":"https:\/\/www.tribofilm.fr\/VLnXeJXrfkVw4\/uploads\/2018\/10\/bandeau-materiel-gmao-1.png","contentUrl":"https:\/\/www.tribofilm.fr\/VLnXeJXrfkVw4\/uploads\/2018\/10\/bandeau-materiel-gmao-1.png","width":2048,"height":424,"caption":"materiel-gmao"},{"@type":"BreadcrumbList","@id":"https:\/\/www.tribofilm.fr\/es\/servicios\/materiels\/#breadcrumb","itemListElement":[{"@type":"ListItem","position":1,"name":"Accueil","item":"https:\/\/www.tribofilm.fr\/es\/"},{"@type":"ListItem","position":2,"name":"Servicios","item":"https:\/\/www.tribofilm.fr\/es\/servicios\/"},{"@type":"ListItem","position":3,"name":"MATERIALES"}]},{"@type":"WebSite","@id":"https:\/\/www.tribofilm.fr\/es\/#website","url":"https:\/\/www.tribofilm.fr\/es\/","name":"Tribofilm","description":"","publisher":{"@id":"https:\/\/www.tribofilm.fr\/es\/#organization"},"potentialAction":[{"@type":"SearchAction","target":{"@type":"EntryPoint","urlTemplate":"https:\/\/www.tribofilm.fr\/es\/?s={search_term_string}"},"query-input":{"@type":"PropertyValueSpecification","valueRequired":true,"valueName":"search_term_string"}}],"inLanguage":"es"},{"@type":"Organization","@id":"https:\/\/www.tribofilm.fr\/es\/#organization","name":"Tribofilm","url":"https:\/\/www.tribofilm.fr\/es\/","logo":{"@type":"ImageObject","inLanguage":"es","@id":"https:\/\/www.tribofilm.fr\/es\/#\/schema\/logo\/image\/","url":"https:\/\/www.tribofilm.fr\/VLnXeJXrfkVw4\/uploads\/2017\/12\/tribofilm-industries-editeur-de-logiciels-pour-l-industrie-000353999-product_zoom.jpg","contentUrl":"https:\/\/www.tribofilm.fr\/VLnXeJXrfkVw4\/uploads\/2017\/12\/tribofilm-industries-editeur-de-logiciels-pour-l-industrie-000353999-product_zoom.jpg","width":640,"height":480,"caption":"Tribofilm"},"image":{"@id":"https:\/\/www.tribofilm.fr\/es\/#\/schema\/logo\/image\/"},"sameAs":["https:\/\/www.facebook.com\/tribofilm\/","https:\/\/x.com\/TRIBOFILM","https:\/\/www.linkedin.com\/company\/tribofilm-industries\/?trk=biz-companies-cym"]}]}},"_links":{"self":[{"href":"https:\/\/www.tribofilm.fr\/es\/wp-json\/wp\/v2\/pages\/944","targetHints":{"allow":["GET"]}}],"collection":[{"href":"https:\/\/www.tribofilm.fr\/es\/wp-json\/wp\/v2\/pages"}],"about":[{"href":"https:\/\/www.tribofilm.fr\/es\/wp-json\/wp\/v2\/types\/page"}],"author":[{"embeddable":true,"href":"https:\/\/www.tribofilm.fr\/es\/wp-json\/wp\/v2\/users\/11"}],"replies":[{"embeddable":true,"href":"https:\/\/www.tribofilm.fr\/es\/wp-json\/wp\/v2\/comments?post=944"}],"version-history":[{"count":12,"href":"https:\/\/www.tribofilm.fr\/es\/wp-json\/wp\/v2\/pages\/944\/revisions"}],"predecessor-version":[{"id":19670,"href":"https:\/\/www.tribofilm.fr\/es\/wp-json\/wp\/v2\/pages\/944\/revisions\/19670"}],"up":[{"embeddable":true,"href":"https:\/\/www.tribofilm.fr\/es\/wp-json\/wp\/v2\/pages\/3093"}],"wp:featuredmedia":[{"embeddable":true,"href":"https:\/\/www.tribofilm.fr\/es\/wp-json\/wp\/v2\/media\/10274"}],"wp:attachment":[{"href":"https:\/\/www.tribofilm.fr\/es\/wp-json\/wp\/v2\/media?parent=944"}],"curies":[{"name":"wp","href":"https:\/\/api.w.org\/{rel}","templated":true}]}}